{"id":1508,"date":"2021-01-09T21:43:48","date_gmt":"2021-01-09T21:43:48","guid":{"rendered":"https:\/\/screen.com.ve\/clientes\/emet\/es\/producto\/3-9061\/"},"modified":"2021-02-19T15:13:05","modified_gmt":"2021-02-19T15:13:05","slug":"3-9061","status":"publish","type":"product","link":"https:\/\/emetcorporation.com\/es\/producto\/3-9061\/","title":{"rendered":"3-9061"},"content":{"rendered":"<p>Descripci\u00f3n: Camisas M\/L y M\/C<br \/>\n\u2013 Caballeros S-M-L-XL<br \/>\n\u2013 Ni\u00f1os Juvenil 10-18<br \/>\nComposici\u00f3n: 65%ALGODON,35%RAYON<br \/>\nColor: AZUL, CELESTE<br \/>\nPa\u00eds de Origen: CHINA<\/p>\n","protected":false},"excerpt":{"rendered":"<p>Descripci\u00f3n: Camisas M\/L y M\/C \u2013 Caballeros S-M-L-XL \u2013 Ni\u00f1os Juvenil 10-18 Composici\u00f3n: 65%ALGODON,35%RAYON Color: AZUL, CELESTE Pa\u00eds de Origen: CHINA<\/p>\n","protected":false},"featured_media":2810,"comment_status":"open","ping_status":"closed","template":"","meta":[],"product_cat":[328,16,263,294,295,306],"product_tag":[],"_links":{"self":[{"href":"https:\/\/emetcorporation.com\/es\/wp-json\/wp\/v2\/product\/1508"}],"collection":[{"href":"https:\/\/emetcorporation.com\/es\/wp-json\/wp\/v2\/product"}],"about":[{"href":"https:\/\/emetcorporation.com\/es\/wp-json\/wp\/v2\/types\/product"}],"replies":[{"embeddable":true,"href":"https:\/\/emetcorporation.com\/es\/wp-json\/wp\/v2\/comments?post=1508"}],"wp:featuredmedia":[{"embeddable":true,"href":"https:\/\/emetcorporation.com\/es\/wp-json\/wp\/v2\/media\/2810"}],"wp:attachment":[{"href":"https:\/\/emetcorporation.com\/es\/wp-json\/wp\/v2\/media?parent=1508"}],"wp:term":[{"taxonomy":"product_cat","embeddable":true,"href":"https:\/\/emetcorporation.com\/es\/wp-json\/wp\/v2\/product_cat?post=1508"},{"taxonomy":"product_tag","embeddable":true,"href":"https:\/\/emetcorporation.com\/es\/wp-json\/wp\/v2\/product_tag?post=1508"}],"curies":[{"name":"wp","href":"https:\/\/api.w.org\/{rel}","templated":true}]}}