{"id":1511,"date":"2021-01-09T21:43:56","date_gmt":"2021-01-09T21:43:56","guid":{"rendered":"https:\/\/screen.com.ve\/clientes\/emet\/es\/producto\/21-3455\/"},"modified":"2021-01-30T22:17:09","modified_gmt":"2021-01-30T22:17:09","slug":"21-3455","status":"publish","type":"product","link":"https:\/\/emetcorporation.com\/es\/producto\/21-3455\/","title":{"rendered":"21-3455"},"content":{"rendered":"<p>Descripci\u00f3n: Camisa para Caballeros<br \/>\nComposici\u00f3n: 65%POLIESTER,35%ALGODON<br \/>\nColor: MORADO, FUCSIA, AZUL<br \/>\nPa\u00eds de Origen: CHINA<\/p>\n","protected":false},"excerpt":{"rendered":"<p>Descripci\u00f3n: Camisa para Caballeros Composici\u00f3n: 65%POLIESTER,35%ALGODON Color: MORADO, FUCSIA, AZUL Pa\u00eds de Origen: CHINA<\/p>\n","protected":false},"featured_media":2824,"comment_status":"open","ping_status":"closed","template":"","meta":[],"product_cat":[263,294,295],"product_tag":[],"_links":{"self":[{"href":"https:\/\/emetcorporation.com\/es\/wp-json\/wp\/v2\/product\/1511"}],"collection":[{"href":"https:\/\/emetcorporation.com\/es\/wp-json\/wp\/v2\/product"}],"about":[{"href":"https:\/\/emetcorporation.com\/es\/wp-json\/wp\/v2\/types\/product"}],"replies":[{"embeddable":true,"href":"https:\/\/emetcorporation.com\/es\/wp-json\/wp\/v2\/comments?post=1511"}],"wp:featuredmedia":[{"embeddable":true,"href":"https:\/\/emetcorporation.com\/es\/wp-json\/wp\/v2\/media\/2824"}],"wp:attachment":[{"href":"https:\/\/emetcorporation.com\/es\/wp-json\/wp\/v2\/media?parent=1511"}],"wp:term":[{"taxonomy":"product_cat","embeddable":true,"href":"https:\/\/emetcorporation.com\/es\/wp-json\/wp\/v2\/product_cat?post=1511"},{"taxonomy":"product_tag","embeddable":true,"href":"https:\/\/emetcorporation.com\/es\/wp-json\/wp\/v2\/product_tag?post=1511"}],"curies":[{"name":"wp","href":"https:\/\/api.w.org\/{rel}","templated":true}]}}