{"id":1513,"date":"2021-01-09T21:44:01","date_gmt":"2021-01-09T21:44:01","guid":{"rendered":"https:\/\/screen.com.ve\/clientes\/emet\/es\/producto\/40-8307\/"},"modified":"2021-02-19T15:09:54","modified_gmt":"2021-02-19T15:09:54","slug":"40-8307","status":"publish","type":"product","link":"https:\/\/emetcorporation.com\/es\/producto\/40-8307\/","title":{"rendered":"40-8307"},"content":{"rendered":"<p>Descripci\u00f3n: Camisas M\/L y M\/C<br \/>\n&#8211; Caballeros S-M-L-XL<br \/>\n&#8211; Ni\u00f1os Juvenil 10-18<br \/>\nComposici\u00f3n: 55%ALGO,42%POLI,3%ELAS<br \/>\nColor: TURQUESA, CELESTE, NARANJA<br \/>\nPa\u00eds de Origen: CHINA<\/p>\n","protected":false},"excerpt":{"rendered":"<p>Descripci\u00f3n: Camisas M\/L y M\/C &#8211; Caballeros S-M-L-XL &#8211; Ni\u00f1os Juvenil 10-18 Composici\u00f3n: 55%ALGO,42%POLI,3%ELAS Color: TURQUESA, CELESTE, NARANJA Pa\u00eds de Origen: CHINA<\/p>\n","protected":false},"featured_media":2832,"comment_status":"open","ping_status":"closed","template":"","meta":[],"product_cat":[328,16,263,294,295,306],"product_tag":[],"_links":{"self":[{"href":"https:\/\/emetcorporation.com\/es\/wp-json\/wp\/v2\/product\/1513"}],"collection":[{"href":"https:\/\/emetcorporation.com\/es\/wp-json\/wp\/v2\/product"}],"about":[{"href":"https:\/\/emetcorporation.com\/es\/wp-json\/wp\/v2\/types\/product"}],"replies":[{"embeddable":true,"href":"https:\/\/emetcorporation.com\/es\/wp-json\/wp\/v2\/comments?post=1513"}],"wp:featuredmedia":[{"embeddable":true,"href":"https:\/\/emetcorporation.com\/es\/wp-json\/wp\/v2\/media\/2832"}],"wp:attachment":[{"href":"https:\/\/emetcorporation.com\/es\/wp-json\/wp\/v2\/media?parent=1513"}],"wp:term":[{"taxonomy":"product_cat","embeddable":true,"href":"https:\/\/emetcorporation.com\/es\/wp-json\/wp\/v2\/product_cat?post=1513"},{"taxonomy":"product_tag","embeddable":true,"href":"https:\/\/emetcorporation.com\/es\/wp-json\/wp\/v2\/product_tag?post=1513"}],"curies":[{"name":"wp","href":"https:\/\/api.w.org\/{rel}","templated":true}]}}