{"id":1514,"date":"2021-01-09T21:44:04","date_gmt":"2021-01-09T21:44:04","guid":{"rendered":"https:\/\/screen.com.ve\/clientes\/emet\/es\/producto\/40-8355\/"},"modified":"2021-02-19T15:24:52","modified_gmt":"2021-02-19T15:24:52","slug":"40-8355","status":"publish","type":"product","link":"https:\/\/emetcorporation.com\/es\/producto\/40-8355\/","title":{"rendered":"40-8355"},"content":{"rendered":"<p>Descripci\u00f3n: Camisa con\/Corbatta<br \/>\n\u2013 Caballeros S-M-L-XL<br \/>\n\u2013 Ni\u00f1os Juvenil 10-18<br \/>\n&#8211; Ni\u00f1os Infantil 2-7x<br \/>\nComposici\u00f3n: 65%POLIESTER,35%ALGODON<br \/>\nColor: CEL,VIN,AMA,AQU,NAR,ROS,AZU,BLA,ROJ,NEG,LIL,MOR<br \/>\nPa\u00eds de Origen: CHINA<\/p>\n","protected":false},"excerpt":{"rendered":"<p>Descripci\u00f3n: Camisa con\/Corbatta \u2013 Caballeros S-M-L-XL \u2013 Ni\u00f1os Juvenil 10-18 &#8211; Ni\u00f1os Infantil 2-7x Composici\u00f3n: 65%POLIESTER,35%ALGODON Color: CEL,VIN,AMA,AQU,NAR,ROS,AZU,BLA,ROJ,NEG,LIL,MOR Pa\u00eds de Origen: CHINA<\/p>\n","protected":false},"featured_media":2835,"comment_status":"open","ping_status":"closed","template":"","meta":[],"product_cat":[328,16,263,294,295,306],"product_tag":[],"_links":{"self":[{"href":"https:\/\/emetcorporation.com\/es\/wp-json\/wp\/v2\/product\/1514"}],"collection":[{"href":"https:\/\/emetcorporation.com\/es\/wp-json\/wp\/v2\/product"}],"about":[{"href":"https:\/\/emetcorporation.com\/es\/wp-json\/wp\/v2\/types\/product"}],"replies":[{"embeddable":true,"href":"https:\/\/emetcorporation.com\/es\/wp-json\/wp\/v2\/comments?post=1514"}],"wp:featuredmedia":[{"embeddable":true,"href":"https:\/\/emetcorporation.com\/es\/wp-json\/wp\/v2\/media\/2835"}],"wp:attachment":[{"href":"https:\/\/emetcorporation.com\/es\/wp-json\/wp\/v2\/media?parent=1514"}],"wp:term":[{"taxonomy":"product_cat","embeddable":true,"href":"https:\/\/emetcorporation.com\/es\/wp-json\/wp\/v2\/product_cat?post=1514"},{"taxonomy":"product_tag","embeddable":true,"href":"https:\/\/emetcorporation.com\/es\/wp-json\/wp\/v2\/product_tag?post=1514"}],"curies":[{"name":"wp","href":"https:\/\/api.w.org\/{rel}","templated":true}]}}