{"id":1519,"date":"2021-01-09T21:44:21","date_gmt":"2021-01-09T21:44:21","guid":{"rendered":"https:\/\/screen.com.ve\/clientes\/emet\/es\/producto\/76-4473\/"},"modified":"2021-02-19T16:28:56","modified_gmt":"2021-02-19T16:28:56","slug":"76-4473","status":"publish","type":"product","link":"https:\/\/emetcorporation.com\/es\/producto\/76-4473\/","title":{"rendered":"76-4473"},"content":{"rendered":"<p>Descripci\u00f3n: Camisa ML\/MC<br \/>\n\u2013 Caballeros    S-M-L-XL<br \/>\n\u2013 Ni\u00f1os Juvenil   10-18<br \/>\n&#8211; Ni\u00f1os Infantil  2-4-6-8<br \/>\nComposici\u00f3n: 65%POLI,35%ALGODON<br \/>\nColor: AZUL,GRIS,VERDE,NEGRO<br \/>\nPa\u00eds de Origen: CHINA<\/p>\n","protected":false},"excerpt":{"rendered":"<p>Descripci\u00f3n: Camisa ML\/MC \u2013 Caballeros S-M-L-XL \u2013 Ni\u00f1os Juvenil 10-18 &#8211; Ni\u00f1os Infantil 2-4-6-8 Composici\u00f3n: 65%POLI,35%ALGODON Color: AZUL,GRIS,VERDE,NEGRO Pa\u00eds de Origen: CHINA<\/p>\n","protected":false},"featured_media":2848,"comment_status":"open","ping_status":"closed","template":"","meta":[],"product_cat":[263,294,295],"product_tag":[],"_links":{"self":[{"href":"https:\/\/emetcorporation.com\/es\/wp-json\/wp\/v2\/product\/1519"}],"collection":[{"href":"https:\/\/emetcorporation.com\/es\/wp-json\/wp\/v2\/product"}],"about":[{"href":"https:\/\/emetcorporation.com\/es\/wp-json\/wp\/v2\/types\/product"}],"replies":[{"embeddable":true,"href":"https:\/\/emetcorporation.com\/es\/wp-json\/wp\/v2\/comments?post=1519"}],"wp:featuredmedia":[{"embeddable":true,"href":"https:\/\/emetcorporation.com\/es\/wp-json\/wp\/v2\/media\/2848"}],"wp:attachment":[{"href":"https:\/\/emetcorporation.com\/es\/wp-json\/wp\/v2\/media?parent=1519"}],"wp:term":[{"taxonomy":"product_cat","embeddable":true,"href":"https:\/\/emetcorporation.com\/es\/wp-json\/wp\/v2\/product_cat?post=1519"},{"taxonomy":"product_tag","embeddable":true,"href":"https:\/\/emetcorporation.com\/es\/wp-json\/wp\/v2\/product_tag?post=1519"}],"curies":[{"name":"wp","href":"https:\/\/api.w.org\/{rel}","templated":true}]}}