{"id":1521,"date":"2021-01-09T21:44:35","date_gmt":"2021-01-09T21:44:35","guid":{"rendered":"https:\/\/screen.com.ve\/clientes\/emet\/es\/producto\/or40-1155\/"},"modified":"2021-02-19T16:30:17","modified_gmt":"2021-02-19T16:30:17","slug":"or40-1155","status":"publish","type":"product","link":"https:\/\/emetcorporation.com\/es\/producto\/or40-1155\/","title":{"rendered":"OR40-1155"},"content":{"rendered":"<p>Descripci\u00f3n: Camisa ML\/MC<br \/>\n\u2013 Caballeros    S-M-L-XL<br \/>\n\u2013 Ni\u00f1os Juvenil   10-18<br \/>\n&#8211; Ni\u00f1os Infantil  2-4-6-8<br \/>\nComposici\u00f3n: 100% ALGOD\u00d3N<br \/>\nColor: UVA,AZUL MAR,BLANCO,TURQUESA,VERDE,ROSA,CORAL<br \/>\nPa\u00eds de Origen: CHINA<\/p>\n","protected":false},"excerpt":{"rendered":"<p>Descripci\u00f3n: Camisa ML\/MC \u2013 Caballeros S-M-L-XL \u2013 Ni\u00f1os Juvenil 10-18 &#8211; Ni\u00f1os Infantil 2-4-6-8 Composici\u00f3n: 100% ALGOD\u00d3N Color: UVA,AZUL MAR,BLANCO,TURQUESA,VERDE,ROSA,CORAL Pa\u00eds de Origen: CHINA<\/p>\n","protected":false},"featured_media":2856,"comment_status":"open","ping_status":"closed","template":"","meta":[],"product_cat":[328,16,263,294,295,306],"product_tag":[],"_links":{"self":[{"href":"https:\/\/emetcorporation.com\/es\/wp-json\/wp\/v2\/product\/1521"}],"collection":[{"href":"https:\/\/emetcorporation.com\/es\/wp-json\/wp\/v2\/product"}],"about":[{"href":"https:\/\/emetcorporation.com\/es\/wp-json\/wp\/v2\/types\/product"}],"replies":[{"embeddable":true,"href":"https:\/\/emetcorporation.com\/es\/wp-json\/wp\/v2\/comments?post=1521"}],"wp:featuredmedia":[{"embeddable":true,"href":"https:\/\/emetcorporation.com\/es\/wp-json\/wp\/v2\/media\/2856"}],"wp:attachment":[{"href":"https:\/\/emetcorporation.com\/es\/wp-json\/wp\/v2\/media?parent=1521"}],"wp:term":[{"taxonomy":"product_cat","embeddable":true,"href":"https:\/\/emetcorporation.com\/es\/wp-json\/wp\/v2\/product_cat?post=1521"},{"taxonomy":"product_tag","embeddable":true,"href":"https:\/\/emetcorporation.com\/es\/wp-json\/wp\/v2\/product_tag?post=1521"}],"curies":[{"name":"wp","href":"https:\/\/api.w.org\/{rel}","templated":true}]}}