{"id":1524,"date":"2021-01-09T21:44:55","date_gmt":"2021-01-09T21:44:55","guid":{"rendered":"https:\/\/screen.com.ve\/clientes\/emet\/es\/producto\/29-7793\/"},"modified":"2021-02-19T16:40:41","modified_gmt":"2021-02-19T16:40:41","slug":"29-7793","status":"publish","type":"product","link":"https:\/\/emetcorporation.com\/es\/producto\/29-7793\/","title":{"rendered":"29-7793"},"content":{"rendered":"<p>Descripci\u00f3n: SUETER P\/HOMBRE<br \/>\nCaballero S-M-L-XL<br \/>\nNi\u00f1os Juvenil 10-18<br \/>\nComposici\u00f3n: 100% POLIESTER<br \/>\nColor: ROJO, CELESTE, MORADO, VERDE<br \/>\nPa\u00eds de Origen: CHINA<\/p>\n","protected":false},"excerpt":{"rendered":"<p>Descripci\u00f3n: SUETER P\/HOMBRE Caballero S-M-L-XL Ni\u00f1os Juvenil 10-18 Composici\u00f3n: 100% POLIESTER Color: ROJO, CELESTE, MORADO, VERDE Pa\u00eds de Origen: CHINA<\/p>\n","protected":false},"featured_media":4615,"comment_status":"open","ping_status":"closed","template":"","meta":[],"product_cat":[330,16,263,294,296,306],"product_tag":[],"_links":{"self":[{"href":"https:\/\/emetcorporation.com\/es\/wp-json\/wp\/v2\/product\/1524"}],"collection":[{"href":"https:\/\/emetcorporation.com\/es\/wp-json\/wp\/v2\/product"}],"about":[{"href":"https:\/\/emetcorporation.com\/es\/wp-json\/wp\/v2\/types\/product"}],"replies":[{"embeddable":true,"href":"https:\/\/emetcorporation.com\/es\/wp-json\/wp\/v2\/comments?post=1524"}],"wp:featuredmedia":[{"embeddable":true,"href":"https:\/\/emetcorporation.com\/es\/wp-json\/wp\/v2\/media\/4615"}],"wp:attachment":[{"href":"https:\/\/emetcorporation.com\/es\/wp-json\/wp\/v2\/media?parent=1524"}],"wp:term":[{"taxonomy":"product_cat","embeddable":true,"href":"https:\/\/emetcorporation.com\/es\/wp-json\/wp\/v2\/product_cat?post=1524"},{"taxonomy":"product_tag","embeddable":true,"href":"https:\/\/emetcorporation.com\/es\/wp-json\/wp\/v2\/product_tag?post=1524"}],"curies":[{"name":"wp","href":"https:\/\/api.w.org\/{rel}","templated":true}]}}