{"id":1528,"date":"2021-01-09T21:45:21","date_gmt":"2021-01-09T21:45:21","guid":{"rendered":"https:\/\/screen.com.ve\/clientes\/emet\/es\/producto\/66-9522\/"},"modified":"2021-02-19T17:08:22","modified_gmt":"2021-02-19T17:08:22","slug":"66-9522","status":"publish","type":"product","link":"https:\/\/emetcorporation.com\/es\/producto\/66-9522\/","title":{"rendered":"66-9522"},"content":{"rendered":"<p>Descripci\u00f3n: SUETER P\/HOMBRE<br \/>\nCaballero S-M-L-XL<br \/>\nNi\u00f1os Juvenil 8-18<br \/>\nNi\u00f1os Infantil 2-7x<br \/>\nComposici\u00f3n: 65%POLIESTER,35%ALGODON<br \/>\nColor: AZUL, ROJO, CHOCOLATE, AZUL MARINO<br \/>\nPa\u00eds de Origen: CHINA<\/p>\n","protected":false},"excerpt":{"rendered":"<p>Descripci\u00f3n: SUETER P\/HOMBRE Caballero S-M-L-XL Ni\u00f1os Juvenil 8-18 Ni\u00f1os Infantil 2-7x Composici\u00f3n: 65%POLIESTER,35%ALGODON Color: AZUL, ROJO, CHOCOLATE, AZUL MARINO Pa\u00eds de Origen: CHINA<\/p>\n","protected":false},"featured_media":633,"comment_status":"open","ping_status":"closed","template":"","meta":[],"product_cat":[330,16,263,294,296,306],"product_tag":[],"_links":{"self":[{"href":"https:\/\/emetcorporation.com\/es\/wp-json\/wp\/v2\/product\/1528"}],"collection":[{"href":"https:\/\/emetcorporation.com\/es\/wp-json\/wp\/v2\/product"}],"about":[{"href":"https:\/\/emetcorporation.com\/es\/wp-json\/wp\/v2\/types\/product"}],"replies":[{"embeddable":true,"href":"https:\/\/emetcorporation.com\/es\/wp-json\/wp\/v2\/comments?post=1528"}],"wp:featuredmedia":[{"embeddable":true,"href":"https:\/\/emetcorporation.com\/es\/wp-json\/wp\/v2\/media\/633"}],"wp:attachment":[{"href":"https:\/\/emetcorporation.com\/es\/wp-json\/wp\/v2\/media?parent=1528"}],"wp:term":[{"taxonomy":"product_cat","embeddable":true,"href":"https:\/\/emetcorporation.com\/es\/wp-json\/wp\/v2\/product_cat?post=1528"},{"taxonomy":"product_tag","embeddable":true,"href":"https:\/\/emetcorporation.com\/es\/wp-json\/wp\/v2\/product_tag?post=1528"}],"curies":[{"name":"wp","href":"https:\/\/api.w.org\/{rel}","templated":true}]}}