{"id":1533,"date":"2021-01-09T21:45:57","date_gmt":"2021-01-09T21:45:57","guid":{"rendered":"https:\/\/screen.com.ve\/clientes\/emet\/es\/producto\/29-6592\/"},"modified":"2021-02-19T18:02:20","modified_gmt":"2021-02-19T18:02:20","slug":"29-6592","status":"publish","type":"product","link":"https:\/\/emetcorporation.com\/es\/producto\/29-6592\/","title":{"rendered":"29-6592"},"content":{"rendered":"<p>Descripci\u00f3n: SHORT P\/HOMBRE<br \/>\nCaballero  M-L-XL-XXL<br \/>\nNi\u00f1os Juvenil  8-18<br \/>\nComposici\u00f3n: 100% Poliester<br \/>\nPa\u00eds de Origen: CHINA<\/p>\n","protected":false},"excerpt":{"rendered":"<p>Descripci\u00f3n: SHORT P\/HOMBRE Caballero M-L-XL-XXL Ni\u00f1os Juvenil 8-18 Composici\u00f3n: 100% Poliester Pa\u00eds de Origen: CHINA<\/p>\n","protected":false},"featured_media":644,"comment_status":"open","ping_status":"closed","template":"","meta":[],"product_cat":[331,263,294,299,306],"product_tag":[],"_links":{"self":[{"href":"https:\/\/emetcorporation.com\/es\/wp-json\/wp\/v2\/product\/1533"}],"collection":[{"href":"https:\/\/emetcorporation.com\/es\/wp-json\/wp\/v2\/product"}],"about":[{"href":"https:\/\/emetcorporation.com\/es\/wp-json\/wp\/v2\/types\/product"}],"replies":[{"embeddable":true,"href":"https:\/\/emetcorporation.com\/es\/wp-json\/wp\/v2\/comments?post=1533"}],"wp:featuredmedia":[{"embeddable":true,"href":"https:\/\/emetcorporation.com\/es\/wp-json\/wp\/v2\/media\/644"}],"wp:attachment":[{"href":"https:\/\/emetcorporation.com\/es\/wp-json\/wp\/v2\/media?parent=1533"}],"wp:term":[{"taxonomy":"product_cat","embeddable":true,"href":"https:\/\/emetcorporation.com\/es\/wp-json\/wp\/v2\/product_cat?post=1533"},{"taxonomy":"product_tag","embeddable":true,"href":"https:\/\/emetcorporation.com\/es\/wp-json\/wp\/v2\/product_tag?post=1533"}],"curies":[{"name":"wp","href":"https:\/\/api.w.org\/{rel}","templated":true}]}}