{"id":1535,"date":"2021-01-09T21:46:08","date_gmt":"2021-01-09T21:46:08","guid":{"rendered":"https:\/\/screen.com.ve\/clientes\/emet\/es\/producto\/29-7581\/"},"modified":"2021-02-19T18:11:20","modified_gmt":"2021-02-19T18:11:20","slug":"29-7581","status":"publish","type":"product","link":"https:\/\/emetcorporation.com\/es\/producto\/29-7581\/","title":{"rendered":"29-7581"},"content":{"rendered":"<p>Descripci\u00f3n: CONJUNTO DEPORTIVO P\/NI\u00d1O 2-8<br \/>\nComposici\u00f3n: 100% POLIESTER<br \/>\nColor: AZUL, NARANJA, VERDE, LIMON<br \/>\nPa\u00eds de Origen: CHINA<\/p>\n","protected":false},"excerpt":{"rendered":"<p>Descripci\u00f3n: CONJUNTO DEPORTIVO P\/NI\u00d1O 2-8 Composici\u00f3n: 100% POLIESTER Color: AZUL, NARANJA, VERDE, LIMON Pa\u00eds de Origen: CHINA<\/p>\n","protected":false},"featured_media":652,"comment_status":"open","ping_status":"closed","template":"","meta":[],"product_cat":[331,16,263,306],"product_tag":[],"_links":{"self":[{"href":"https:\/\/emetcorporation.com\/es\/wp-json\/wp\/v2\/product\/1535"}],"collection":[{"href":"https:\/\/emetcorporation.com\/es\/wp-json\/wp\/v2\/product"}],"about":[{"href":"https:\/\/emetcorporation.com\/es\/wp-json\/wp\/v2\/types\/product"}],"replies":[{"embeddable":true,"href":"https:\/\/emetcorporation.com\/es\/wp-json\/wp\/v2\/comments?post=1535"}],"wp:featuredmedia":[{"embeddable":true,"href":"https:\/\/emetcorporation.com\/es\/wp-json\/wp\/v2\/media\/652"}],"wp:attachment":[{"href":"https:\/\/emetcorporation.com\/es\/wp-json\/wp\/v2\/media?parent=1535"}],"wp:term":[{"taxonomy":"product_cat","embeddable":true,"href":"https:\/\/emetcorporation.com\/es\/wp-json\/wp\/v2\/product_cat?post=1535"},{"taxonomy":"product_tag","embeddable":true,"href":"https:\/\/emetcorporation.com\/es\/wp-json\/wp\/v2\/product_tag?post=1535"}],"curies":[{"name":"wp","href":"https:\/\/api.w.org\/{rel}","templated":true}]}}