{"id":1540,"date":"2021-01-09T21:46:26","date_gmt":"2021-01-09T21:46:26","guid":{"rendered":"https:\/\/screen.com.ve\/clientes\/emet\/es\/producto\/50-7505\/"},"modified":"2021-02-19T20:06:16","modified_gmt":"2021-02-19T20:06:16","slug":"50-7505","status":"publish","type":"product","link":"https:\/\/emetcorporation.com\/es\/producto\/50-7505\/","title":{"rendered":"50-7505"},"content":{"rendered":"<p>Descripci\u00f3n: SHORT DEPORTIVO P\/HOMBRE<br \/>\nCaballero S-M-L-XL<br \/>\nNi\u00f1os Juvenil 10-18<br \/>\nNi\u00f1os Infantil 2-8<br \/>\nComposici\u00f3n: 100% POLIESTER<br \/>\nColor: AZUL MARINO, AZUL, NEGRO, BLANCO<br \/>\nPa\u00eds de Origen: CHINA<\/p>\n","protected":false},"excerpt":{"rendered":"<p>Descripci\u00f3n: SHORT DEPORTIVO P\/HOMBRE Caballero S-M-L-XL Ni\u00f1os Juvenil 10-18 Ni\u00f1os Infantil 2-8 Composici\u00f3n: 100% POLIESTER Color: AZUL MARINO, AZUL, NEGRO, BLANCO Pa\u00eds de Origen: CHINA<\/p>\n","protected":false},"featured_media":661,"comment_status":"open","ping_status":"closed","template":"","meta":[],"product_cat":[331,16,263,294,299,306],"product_tag":[],"_links":{"self":[{"href":"https:\/\/emetcorporation.com\/es\/wp-json\/wp\/v2\/product\/1540"}],"collection":[{"href":"https:\/\/emetcorporation.com\/es\/wp-json\/wp\/v2\/product"}],"about":[{"href":"https:\/\/emetcorporation.com\/es\/wp-json\/wp\/v2\/types\/product"}],"replies":[{"embeddable":true,"href":"https:\/\/emetcorporation.com\/es\/wp-json\/wp\/v2\/comments?post=1540"}],"wp:featuredmedia":[{"embeddable":true,"href":"https:\/\/emetcorporation.com\/es\/wp-json\/wp\/v2\/media\/661"}],"wp:attachment":[{"href":"https:\/\/emetcorporation.com\/es\/wp-json\/wp\/v2\/media?parent=1540"}],"wp:term":[{"taxonomy":"product_cat","embeddable":true,"href":"https:\/\/emetcorporation.com\/es\/wp-json\/wp\/v2\/product_cat?post=1540"},{"taxonomy":"product_tag","embeddable":true,"href":"https:\/\/emetcorporation.com\/es\/wp-json\/wp\/v2\/product_tag?post=1540"}],"curies":[{"name":"wp","href":"https:\/\/api.w.org\/{rel}","templated":true}]}}