{"id":1542,"date":"2021-01-09T21:46:32","date_gmt":"2021-01-09T21:46:32","guid":{"rendered":"https:\/\/screen.com.ve\/clientes\/emet\/es\/producto\/60-758\/"},"modified":"2021-02-19T20:19:47","modified_gmt":"2021-02-19T20:19:47","slug":"60-758","status":"publish","type":"product","link":"https:\/\/emetcorporation.com\/es\/producto\/60-758\/","title":{"rendered":"60-758"},"content":{"rendered":"<p>Descripci\u00f3n: PANTALON CORTO P\/HOMBRE<br \/>\nCaballero 30-38<br \/>\nNi\u00f1os Juvenil 8-18<br \/>\nComposici\u00f3n: 95%POLIESTER,5%ELASTANO<br \/>\nColor: CELESTE, GRIS, ROJO, AZUL MARINO, LIMON, AZUL<br \/>\nPa\u00eds de Origen: CHINA<\/p>\n","protected":false},"excerpt":{"rendered":"<p>Descripci\u00f3n: PANTALON CORTO P\/HOMBRE Caballero 30-38 Ni\u00f1os Juvenil 8-18 Composici\u00f3n: 95%POLIESTER,5%ELASTANO Color: CELESTE, GRIS, ROJO, AZUL MARINO, LIMON, AZUL Pa\u00eds de Origen: CHINA<\/p>\n","protected":false},"featured_media":494,"comment_status":"open","ping_status":"closed","template":"","meta":[],"product_cat":[331,16,263,294,299,306],"product_tag":[],"_links":{"self":[{"href":"https:\/\/emetcorporation.com\/es\/wp-json\/wp\/v2\/product\/1542"}],"collection":[{"href":"https:\/\/emetcorporation.com\/es\/wp-json\/wp\/v2\/product"}],"about":[{"href":"https:\/\/emetcorporation.com\/es\/wp-json\/wp\/v2\/types\/product"}],"replies":[{"embeddable":true,"href":"https:\/\/emetcorporation.com\/es\/wp-json\/wp\/v2\/comments?post=1542"}],"wp:featuredmedia":[{"embeddable":true,"href":"https:\/\/emetcorporation.com\/es\/wp-json\/wp\/v2\/media\/494"}],"wp:attachment":[{"href":"https:\/\/emetcorporation.com\/es\/wp-json\/wp\/v2\/media?parent=1542"}],"wp:term":[{"taxonomy":"product_cat","embeddable":true,"href":"https:\/\/emetcorporation.com\/es\/wp-json\/wp\/v2\/product_cat?post=1542"},{"taxonomy":"product_tag","embeddable":true,"href":"https:\/\/emetcorporation.com\/es\/wp-json\/wp\/v2\/product_tag?post=1542"}],"curies":[{"name":"wp","href":"https:\/\/api.w.org\/{rel}","templated":true}]}}