{"id":1544,"date":"2021-01-09T21:46:38","date_gmt":"2021-01-09T21:46:38","guid":{"rendered":"https:\/\/screen.com.ve\/clientes\/emet\/es\/producto\/81-063\/"},"modified":"2021-02-19T20:26:59","modified_gmt":"2021-02-19T20:26:59","slug":"81-063","status":"publish","type":"product","link":"https:\/\/emetcorporation.com\/es\/producto\/81-063\/","title":{"rendered":"81-063"},"content":{"rendered":"<p>Descripci\u00f3n: SUETER M\/LARGA<br \/>\nCaballero   S-M-L-XL<br \/>\nNi\u00f1os Juvenil   10-18<br \/>\nNi\u00f1os infantil   2-8<br \/>\nComposici\u00f3n: 95%POLIESTER,5%ELASTANO<br \/>\nColor: BLANCO,AZUL,NARANJA,VERDE<br \/>\nPa\u00eds de Origen: CHINA<\/p>\n","protected":false},"excerpt":{"rendered":"<p>Descripci\u00f3n: SUETER M\/LARGA Caballero S-M-L-XL Ni\u00f1os Juvenil 10-18 Ni\u00f1os infantil 2-8 Composici\u00f3n: 95%POLIESTER,5%ELASTANO Color: BLANCO,AZUL,NARANJA,VERDE Pa\u00eds de Origen: CHINA<\/p>\n","protected":false},"featured_media":666,"comment_status":"open","ping_status":"closed","template":"","meta":[],"product_cat":[331,16,263,294,299,306],"product_tag":[],"_links":{"self":[{"href":"https:\/\/emetcorporation.com\/es\/wp-json\/wp\/v2\/product\/1544"}],"collection":[{"href":"https:\/\/emetcorporation.com\/es\/wp-json\/wp\/v2\/product"}],"about":[{"href":"https:\/\/emetcorporation.com\/es\/wp-json\/wp\/v2\/types\/product"}],"replies":[{"embeddable":true,"href":"https:\/\/emetcorporation.com\/es\/wp-json\/wp\/v2\/comments?post=1544"}],"wp:featuredmedia":[{"embeddable":true,"href":"https:\/\/emetcorporation.com\/es\/wp-json\/wp\/v2\/media\/666"}],"wp:attachment":[{"href":"https:\/\/emetcorporation.com\/es\/wp-json\/wp\/v2\/media?parent=1544"}],"wp:term":[{"taxonomy":"product_cat","embeddable":true,"href":"https:\/\/emetcorporation.com\/es\/wp-json\/wp\/v2\/product_cat?post=1544"},{"taxonomy":"product_tag","embeddable":true,"href":"https:\/\/emetcorporation.com\/es\/wp-json\/wp\/v2\/product_tag?post=1544"}],"curies":[{"name":"wp","href":"https:\/\/api.w.org\/{rel}","templated":true}]}}