{"id":1549,"date":"2021-01-09T21:46:50","date_gmt":"2021-01-09T21:46:50","guid":{"rendered":"https:\/\/screen.com.ve\/clientes\/emet\/es\/producto\/60-857\/"},"modified":"2021-02-19T20:57:24","modified_gmt":"2021-02-19T20:57:24","slug":"60-857","status":"publish","type":"product","link":"https:\/\/emetcorporation.com\/es\/producto\/60-857\/","title":{"rendered":"60-857"},"content":{"rendered":"<p>Descripci\u00f3n: BERMUDA P\/HOMBRE<br \/>\nCaballero  S-M-L-XL<br \/>\nNi\u00f1os Juvenil  8-18<br \/>\nComposici\u00f3n: 70%ALGODON,35%POLIESTER<br \/>\nColor: CREMA, NEGRO, AZUL, AZUL MARINO<br \/>\nPa\u00eds de Origen: CHINA<\/p>\n","protected":false},"excerpt":{"rendered":"<p>Descripci\u00f3n: BERMUDA P\/HOMBRE Caballero S-M-L-XL Ni\u00f1os Juvenil 8-18 Composici\u00f3n: 70%ALGODON,35%POLIESTER Color: CREMA, NEGRO, AZUL, AZUL MARINO Pa\u00eds de Origen: CHINA<\/p>\n","protected":false},"featured_media":701,"comment_status":"open","ping_status":"closed","template":"","meta":[],"product_cat":[333,16,263,294,300,306],"product_tag":[],"_links":{"self":[{"href":"https:\/\/emetcorporation.com\/es\/wp-json\/wp\/v2\/product\/1549"}],"collection":[{"href":"https:\/\/emetcorporation.com\/es\/wp-json\/wp\/v2\/product"}],"about":[{"href":"https:\/\/emetcorporation.com\/es\/wp-json\/wp\/v2\/types\/product"}],"replies":[{"embeddable":true,"href":"https:\/\/emetcorporation.com\/es\/wp-json\/wp\/v2\/comments?post=1549"}],"wp:featuredmedia":[{"embeddable":true,"href":"https:\/\/emetcorporation.com\/es\/wp-json\/wp\/v2\/media\/701"}],"wp:attachment":[{"href":"https:\/\/emetcorporation.com\/es\/wp-json\/wp\/v2\/media?parent=1549"}],"wp:term":[{"taxonomy":"product_cat","embeddable":true,"href":"https:\/\/emetcorporation.com\/es\/wp-json\/wp\/v2\/product_cat?post=1549"},{"taxonomy":"product_tag","embeddable":true,"href":"https:\/\/emetcorporation.com\/es\/wp-json\/wp\/v2\/product_tag?post=1549"}],"curies":[{"name":"wp","href":"https:\/\/api.w.org\/{rel}","templated":true}]}}