{"id":1551,"date":"2021-01-09T21:46:55","date_gmt":"2021-01-09T21:46:55","guid":{"rendered":"https:\/\/screen.com.ve\/clientes\/emet\/es\/producto\/66-8781\/"},"modified":"2021-02-19T21:10:49","modified_gmt":"2021-02-19T21:10:49","slug":"66-8781","status":"publish","type":"product","link":"https:\/\/emetcorporation.com\/es\/producto\/66-8781\/","title":{"rendered":"66-8781"},"content":{"rendered":"<p>Descripci\u00f3n: ABRIGO P\/HOMBRE<br \/>\nCaballero  S-M-L-XL<br \/>\nNi\u00f1os Juvenil  8-18<br \/>\nComposici\u00f3n: 100% POLIESTER<br \/>\nColor: NEGRO, AZUL MARINO, GRIS<br \/>\nPa\u00eds de Origen: CHINA<\/p>\n","protected":false},"excerpt":{"rendered":"<p>Descripci\u00f3n: ABRIGO P\/HOMBRE Caballero S-M-L-XL Ni\u00f1os Juvenil 8-18 Composici\u00f3n: 100% POLIESTER Color: NEGRO, AZUL MARINO, GRIS Pa\u00eds de Origen: CHINA<\/p>\n","protected":false},"featured_media":719,"comment_status":"open","ping_status":"closed","template":"","meta":[],"product_cat":[333,16,263,294,300,306],"product_tag":[],"_links":{"self":[{"href":"https:\/\/emetcorporation.com\/es\/wp-json\/wp\/v2\/product\/1551"}],"collection":[{"href":"https:\/\/emetcorporation.com\/es\/wp-json\/wp\/v2\/product"}],"about":[{"href":"https:\/\/emetcorporation.com\/es\/wp-json\/wp\/v2\/types\/product"}],"replies":[{"embeddable":true,"href":"https:\/\/emetcorporation.com\/es\/wp-json\/wp\/v2\/comments?post=1551"}],"wp:featuredmedia":[{"embeddable":true,"href":"https:\/\/emetcorporation.com\/es\/wp-json\/wp\/v2\/media\/719"}],"wp:attachment":[{"href":"https:\/\/emetcorporation.com\/es\/wp-json\/wp\/v2\/media?parent=1551"}],"wp:term":[{"taxonomy":"product_cat","embeddable":true,"href":"https:\/\/emetcorporation.com\/es\/wp-json\/wp\/v2\/product_cat?post=1551"},{"taxonomy":"product_tag","embeddable":true,"href":"https:\/\/emetcorporation.com\/es\/wp-json\/wp\/v2\/product_tag?post=1551"}],"curies":[{"name":"wp","href":"https:\/\/api.w.org\/{rel}","templated":true}]}}