{"id":1559,"date":"2021-01-09T21:47:17","date_gmt":"2021-01-09T21:47:17","guid":{"rendered":"https:\/\/screen.com.ve\/clientes\/emet\/es\/producto\/60-320\/"},"modified":"2021-02-22T15:09:24","modified_gmt":"2021-02-22T15:09:24","slug":"60-320","status":"publish","type":"product","link":"https:\/\/emetcorporation.com\/es\/producto\/60-320\/","title":{"rendered":"60-320"},"content":{"rendered":"<p>Descripci\u00f3n: PANTLON JEANS CAPRI<br \/>\nCaballero:28-38<br \/>\nNi\u00f1os Juvenil:8-18<br \/>\nComposici\u00f3n: 75%ALGOD,23%POLIE,2%ELAST<br \/>\nColor: AZUL<br \/>\nPa\u00eds de Origen: CHINA<\/p>\n","protected":false},"excerpt":{"rendered":"<p>Descripci\u00f3n: PANTLON JEANS CAPRI Caballero:28-38 Ni\u00f1os Juvenil:8-18 Composici\u00f3n: 75%ALGOD,23%POLIE,2%ELAST Color: AZUL Pa\u00eds de Origen: CHINA<\/p>\n","protected":false},"featured_media":506,"comment_status":"open","ping_status":"closed","template":"","meta":[],"product_cat":[337,16,263,294,305,306],"product_tag":[],"_links":{"self":[{"href":"https:\/\/emetcorporation.com\/es\/wp-json\/wp\/v2\/product\/1559"}],"collection":[{"href":"https:\/\/emetcorporation.com\/es\/wp-json\/wp\/v2\/product"}],"about":[{"href":"https:\/\/emetcorporation.com\/es\/wp-json\/wp\/v2\/types\/product"}],"replies":[{"embeddable":true,"href":"https:\/\/emetcorporation.com\/es\/wp-json\/wp\/v2\/comments?post=1559"}],"wp:featuredmedia":[{"embeddable":true,"href":"https:\/\/emetcorporation.com\/es\/wp-json\/wp\/v2\/media\/506"}],"wp:attachment":[{"href":"https:\/\/emetcorporation.com\/es\/wp-json\/wp\/v2\/media?parent=1559"}],"wp:term":[{"taxonomy":"product_cat","embeddable":true,"href":"https:\/\/emetcorporation.com\/es\/wp-json\/wp\/v2\/product_cat?post=1559"},{"taxonomy":"product_tag","embeddable":true,"href":"https:\/\/emetcorporation.com\/es\/wp-json\/wp\/v2\/product_tag?post=1559"}],"curies":[{"name":"wp","href":"https:\/\/api.w.org\/{rel}","templated":true}]}}