{"id":1564,"date":"2021-01-09T21:47:29","date_gmt":"2021-01-09T21:47:29","guid":{"rendered":"https:\/\/screen.com.ve\/clientes\/emet\/es\/producto\/60-922\/"},"modified":"2021-02-22T13:31:08","modified_gmt":"2021-02-22T13:31:08","slug":"60-922","status":"publish","type":"product","link":"https:\/\/emetcorporation.com\/es\/producto\/60-922\/","title":{"rendered":"60-922"},"content":{"rendered":"<p>Descripci\u00f3n: PANTLON JEANS<br \/>\nCABALLERO: 30-36<br \/>\nNi\u00f1os Juvenil:8-18<br \/>\nComposici\u00f3n: 78%ALGOD,20%POLIE,2%ELAST<br \/>\nColor: AZUL MARINO, AZUL,GRIS,NEGRO<br \/>\nPa\u00eds de Origen: CHINA<\/p>\n","protected":false},"excerpt":{"rendered":"<p>Descripci\u00f3n: PANTLON JEANS CABALLERO: 30-36 Ni\u00f1os Juvenil:8-18 Composici\u00f3n: 78%ALGOD,20%POLIE,2%ELAST Color: AZUL MARINO, AZUL,GRIS,NEGRO Pa\u00eds de Origen: CHINA<\/p>\n","protected":false},"featured_media":514,"comment_status":"open","ping_status":"closed","template":"","meta":[],"product_cat":[334,16,263,294,301,306],"product_tag":[],"_links":{"self":[{"href":"https:\/\/emetcorporation.com\/es\/wp-json\/wp\/v2\/product\/1564"}],"collection":[{"href":"https:\/\/emetcorporation.com\/es\/wp-json\/wp\/v2\/product"}],"about":[{"href":"https:\/\/emetcorporation.com\/es\/wp-json\/wp\/v2\/types\/product"}],"replies":[{"embeddable":true,"href":"https:\/\/emetcorporation.com\/es\/wp-json\/wp\/v2\/comments?post=1564"}],"wp:featuredmedia":[{"embeddable":true,"href":"https:\/\/emetcorporation.com\/es\/wp-json\/wp\/v2\/media\/514"}],"wp:attachment":[{"href":"https:\/\/emetcorporation.com\/es\/wp-json\/wp\/v2\/media?parent=1564"}],"wp:term":[{"taxonomy":"product_cat","embeddable":true,"href":"https:\/\/emetcorporation.com\/es\/wp-json\/wp\/v2\/product_cat?post=1564"},{"taxonomy":"product_tag","embeddable":true,"href":"https:\/\/emetcorporation.com\/es\/wp-json\/wp\/v2\/product_tag?post=1564"}],"curies":[{"name":"wp","href":"https:\/\/api.w.org\/{rel}","templated":true}]}}