{"id":1565,"date":"2021-01-09T21:47:31","date_gmt":"2021-01-09T21:47:31","guid":{"rendered":"https:\/\/screen.com.ve\/clientes\/emet\/es\/producto\/60-977\/"},"modified":"2021-02-22T13:34:45","modified_gmt":"2021-02-22T13:34:45","slug":"60-977","status":"publish","type":"product","link":"https:\/\/emetcorporation.com\/es\/producto\/60-977\/","title":{"rendered":"60-977"},"content":{"rendered":"<p>Descripci\u00f3n: PANTLON JEANS<br \/>\nCABALLERO: 30-38<br \/>\nNi\u00f1os Juvenil: 8-18<br \/>\nNi\u00f1os Infantil: 2-7x<br \/>\nComposici\u00f3n: 65%ALGOD,32%POLIE,3%ELAST<br \/>\nColor: AZUL<br \/>\nPa\u00eds de Origen: CHINA<\/p>\n","protected":false},"excerpt":{"rendered":"<p>Descripci\u00f3n: PANTLON JEANS CABALLERO: 30-38 Ni\u00f1os Juvenil: 8-18 Ni\u00f1os Infantil: 2-7x Composici\u00f3n: 65%ALGOD,32%POLIE,3%ELAST Color: AZUL Pa\u00eds de Origen: CHINA<\/p>\n","protected":false},"featured_media":516,"comment_status":"open","ping_status":"closed","template":"","meta":[],"product_cat":[334,16,263,294,301,306],"product_tag":[],"_links":{"self":[{"href":"https:\/\/emetcorporation.com\/es\/wp-json\/wp\/v2\/product\/1565"}],"collection":[{"href":"https:\/\/emetcorporation.com\/es\/wp-json\/wp\/v2\/product"}],"about":[{"href":"https:\/\/emetcorporation.com\/es\/wp-json\/wp\/v2\/types\/product"}],"replies":[{"embeddable":true,"href":"https:\/\/emetcorporation.com\/es\/wp-json\/wp\/v2\/comments?post=1565"}],"wp:featuredmedia":[{"embeddable":true,"href":"https:\/\/emetcorporation.com\/es\/wp-json\/wp\/v2\/media\/516"}],"wp:attachment":[{"href":"https:\/\/emetcorporation.com\/es\/wp-json\/wp\/v2\/media?parent=1565"}],"wp:term":[{"taxonomy":"product_cat","embeddable":true,"href":"https:\/\/emetcorporation.com\/es\/wp-json\/wp\/v2\/product_cat?post=1565"},{"taxonomy":"product_tag","embeddable":true,"href":"https:\/\/emetcorporation.com\/es\/wp-json\/wp\/v2\/product_tag?post=1565"}],"curies":[{"name":"wp","href":"https:\/\/api.w.org\/{rel}","templated":true}]}}