{"id":1573,"date":"2021-01-09T21:47:51","date_gmt":"2021-01-09T21:47:51","guid":{"rendered":"https:\/\/screen.com.ve\/clientes\/emet\/es\/producto\/or40-1403\/"},"modified":"2021-02-22T13:55:25","modified_gmt":"2021-02-22T13:55:25","slug":"or40-1403","status":"publish","type":"product","link":"https:\/\/emetcorporation.com\/es\/producto\/or40-1403\/","title":{"rendered":"OR40-1403"},"content":{"rendered":"<p>Descripci\u00f3n: PANTLON JEANS<br \/>\nCABALLERO: 30-38<br \/>\nNi\u00f1os Juvenil: 10-16<br \/>\nNi\u00f1os Infantil: 2-8<br \/>\nComposici\u00f3n: 77%ALGOD,21%POLIE,2%ELAST<br \/>\nColor: AZUL,AZUL MARINO<br \/>\nPa\u00eds de Origen: CHINA<\/p>\n","protected":false},"excerpt":{"rendered":"<p>Descripci\u00f3n: PANTLON JEANS CABALLERO: 30-38 Ni\u00f1os Juvenil: 10-16 Ni\u00f1os Infantil: 2-8 Composici\u00f3n: 77%ALGOD,21%POLIE,2%ELAST Color: AZUL,AZUL MARINO Pa\u00eds de Origen: CHINA<\/p>\n","protected":false},"featured_media":532,"comment_status":"open","ping_status":"closed","template":"","meta":[],"product_cat":[334,16,263,294,301,306],"product_tag":[],"_links":{"self":[{"href":"https:\/\/emetcorporation.com\/es\/wp-json\/wp\/v2\/product\/1573"}],"collection":[{"href":"https:\/\/emetcorporation.com\/es\/wp-json\/wp\/v2\/product"}],"about":[{"href":"https:\/\/emetcorporation.com\/es\/wp-json\/wp\/v2\/types\/product"}],"replies":[{"embeddable":true,"href":"https:\/\/emetcorporation.com\/es\/wp-json\/wp\/v2\/comments?post=1573"}],"wp:featuredmedia":[{"embeddable":true,"href":"https:\/\/emetcorporation.com\/es\/wp-json\/wp\/v2\/media\/532"}],"wp:attachment":[{"href":"https:\/\/emetcorporation.com\/es\/wp-json\/wp\/v2\/media?parent=1573"}],"wp:term":[{"taxonomy":"product_cat","embeddable":true,"href":"https:\/\/emetcorporation.com\/es\/wp-json\/wp\/v2\/product_cat?post=1573"},{"taxonomy":"product_tag","embeddable":true,"href":"https:\/\/emetcorporation.com\/es\/wp-json\/wp\/v2\/product_tag?post=1573"}],"curies":[{"name":"wp","href":"https:\/\/api.w.org\/{rel}","templated":true}]}}