{"id":1576,"date":"2021-01-09T21:47:58","date_gmt":"2021-01-09T21:47:58","guid":{"rendered":"https:\/\/screen.com.ve\/clientes\/emet\/es\/producto\/or55-255\/"},"modified":"2021-02-22T15:01:51","modified_gmt":"2021-02-22T15:01:51","slug":"or55-255","status":"publish","type":"product","link":"https:\/\/emetcorporation.com\/es\/producto\/or55-255\/","title":{"rendered":"OR55-255"},"content":{"rendered":"<p>Descripci\u00f3n: PANTLON JEANS\/ BERMUDA<br \/>\nCABALLERO: 30-38<br \/>\nNi\u00f1os Juvenil: 8-18<br \/>\nComposici\u00f3n: 62%ALGOD,37%POLIE,1%ELAST<br \/>\nColor: AZUL, AZUL MARINO,CELESTE<br \/>\nPa\u00eds de Origen: CHINA<\/p>\n","protected":false},"excerpt":{"rendered":"<p>Descripci\u00f3n: PANTLON JEANS\/ BERMUDA CABALLERO: 30-38 Ni\u00f1os Juvenil: 8-18 Composici\u00f3n: 62%ALGOD,37%POLIE,1%ELAST Color: AZUL, AZUL MARINO,CELESTE Pa\u00eds de Origen: CHINA<\/p>\n","protected":false},"featured_media":540,"comment_status":"open","ping_status":"closed","template":"","meta":[],"product_cat":[337,16,263,294,305,306],"product_tag":[],"_links":{"self":[{"href":"https:\/\/emetcorporation.com\/es\/wp-json\/wp\/v2\/product\/1576"}],"collection":[{"href":"https:\/\/emetcorporation.com\/es\/wp-json\/wp\/v2\/product"}],"about":[{"href":"https:\/\/emetcorporation.com\/es\/wp-json\/wp\/v2\/types\/product"}],"replies":[{"embeddable":true,"href":"https:\/\/emetcorporation.com\/es\/wp-json\/wp\/v2\/comments?post=1576"}],"wp:featuredmedia":[{"embeddable":true,"href":"https:\/\/emetcorporation.com\/es\/wp-json\/wp\/v2\/media\/540"}],"wp:attachment":[{"href":"https:\/\/emetcorporation.com\/es\/wp-json\/wp\/v2\/media?parent=1576"}],"wp:term":[{"taxonomy":"product_cat","embeddable":true,"href":"https:\/\/emetcorporation.com\/es\/wp-json\/wp\/v2\/product_cat?post=1576"},{"taxonomy":"product_tag","embeddable":true,"href":"https:\/\/emetcorporation.com\/es\/wp-json\/wp\/v2\/product_tag?post=1576"}],"curies":[{"name":"wp","href":"https:\/\/api.w.org\/{rel}","templated":true}]}}