{"id":1587,"date":"2021-01-09T21:48:24","date_gmt":"2021-01-09T21:48:24","guid":{"rendered":"https:\/\/screen.com.ve\/clientes\/emet\/es\/producto\/72-3150\/"},"modified":"2021-02-22T16:35:20","modified_gmt":"2021-02-22T16:35:20","slug":"72-3150","status":"publish","type":"product","link":"https:\/\/emetcorporation.com\/es\/producto\/72-3150\/","title":{"rendered":"72-3150"},"content":{"rendered":"<p>Descripci\u00f3n: PIJAMA P\/CABALLERO<br \/>\nCABALLERO: S-M-L-XL<br \/>\nNi\u00f1os Juvenil: 8-18<br \/>\nComposici\u00f3n: 100% ALGODON<br \/>\nColor: AZUL, AZUL MARINO<br \/>\nPa\u00eds de Origen: INDIA<\/p>\n","protected":false},"excerpt":{"rendered":"<p>Descripci\u00f3n: PIJAMA P\/CABALLERO CABALLERO: S-M-L-XL Ni\u00f1os Juvenil: 8-18 Composici\u00f3n: 100% ALGODON Color: AZUL, AZUL MARINO Pa\u00eds de Origen: INDIA<\/p>\n","protected":false},"featured_media":740,"comment_status":"open","ping_status":"closed","template":"","meta":[],"product_cat":[16,263,294,302,306,308],"product_tag":[],"_links":{"self":[{"href":"https:\/\/emetcorporation.com\/es\/wp-json\/wp\/v2\/product\/1587"}],"collection":[{"href":"https:\/\/emetcorporation.com\/es\/wp-json\/wp\/v2\/product"}],"about":[{"href":"https:\/\/emetcorporation.com\/es\/wp-json\/wp\/v2\/types\/product"}],"replies":[{"embeddable":true,"href":"https:\/\/emetcorporation.com\/es\/wp-json\/wp\/v2\/comments?post=1587"}],"wp:featuredmedia":[{"embeddable":true,"href":"https:\/\/emetcorporation.com\/es\/wp-json\/wp\/v2\/media\/740"}],"wp:attachment":[{"href":"https:\/\/emetcorporation.com\/es\/wp-json\/wp\/v2\/media?parent=1587"}],"wp:term":[{"taxonomy":"product_cat","embeddable":true,"href":"https:\/\/emetcorporation.com\/es\/wp-json\/wp\/v2\/product_cat?post=1587"},{"taxonomy":"product_tag","embeddable":true,"href":"https:\/\/emetcorporation.com\/es\/wp-json\/wp\/v2\/product_tag?post=1587"}],"curies":[{"name":"wp","href":"https:\/\/api.w.org\/{rel}","templated":true}]}}