{"id":1590,"date":"2021-01-09T21:48:33","date_gmt":"2021-01-09T21:48:33","guid":{"rendered":"https:\/\/screen.com.ve\/clientes\/emet\/es\/producto\/29-8032\/"},"modified":"2021-02-22T14:28:12","modified_gmt":"2021-02-22T14:28:12","slug":"29-8032","status":"publish","type":"product","link":"https:\/\/emetcorporation.com\/es\/producto\/29-8032\/","title":{"rendered":"29-8032"},"content":{"rendered":"<p>Descripci\u00f3n: SUETER POLO<br \/>\nCABALLERO: S-M-L-XL<br \/>\nNi\u00f1os Juvenil: 8-18<br \/>\nNi\u00f1os Infantil: 2-8<br \/>\nComposici\u00f3n: 100% POLIESTER<br \/>\nColor: BLA,NEG,VIN,AZU,AQU,A.MA,CEL,VER,TUR,MOR,CRE,GRI<br \/>\nPa\u00eds de Origen: CHINA<\/p>\n","protected":false},"excerpt":{"rendered":"<p>Descripci\u00f3n: SUETER POLO CABALLERO: S-M-L-XL Ni\u00f1os Juvenil: 8-18 Ni\u00f1os Infantil: 2-8 Composici\u00f3n: 100% POLIESTER Color: BLA,NEG,VIN,AZU,AQU,A.MA,CEL,VER,TUR,MOR,CRE,GRI Pa\u00eds de Origen: CHINA<\/p>\n","protected":false},"featured_media":748,"comment_status":"open","ping_status":"closed","template":"","meta":[],"product_cat":[335,16,263,294,303,306],"product_tag":[],"_links":{"self":[{"href":"https:\/\/emetcorporation.com\/es\/wp-json\/wp\/v2\/product\/1590"}],"collection":[{"href":"https:\/\/emetcorporation.com\/es\/wp-json\/wp\/v2\/product"}],"about":[{"href":"https:\/\/emetcorporation.com\/es\/wp-json\/wp\/v2\/types\/product"}],"replies":[{"embeddable":true,"href":"https:\/\/emetcorporation.com\/es\/wp-json\/wp\/v2\/comments?post=1590"}],"wp:featuredmedia":[{"embeddable":true,"href":"https:\/\/emetcorporation.com\/es\/wp-json\/wp\/v2\/media\/748"}],"wp:attachment":[{"href":"https:\/\/emetcorporation.com\/es\/wp-json\/wp\/v2\/media?parent=1590"}],"wp:term":[{"taxonomy":"product_cat","embeddable":true,"href":"https:\/\/emetcorporation.com\/es\/wp-json\/wp\/v2\/product_cat?post=1590"},{"taxonomy":"product_tag","embeddable":true,"href":"https:\/\/emetcorporation.com\/es\/wp-json\/wp\/v2\/product_tag?post=1590"}],"curies":[{"name":"wp","href":"https:\/\/api.w.org\/{rel}","templated":true}]}}