{"id":1591,"date":"2021-01-09T21:48:38","date_gmt":"2021-01-09T21:48:38","guid":{"rendered":"https:\/\/screen.com.ve\/clientes\/emet\/es\/producto\/29-8149\/"},"modified":"2021-02-22T14:31:48","modified_gmt":"2021-02-22T14:31:48","slug":"29-8149","status":"publish","type":"product","link":"https:\/\/emetcorporation.com\/es\/producto\/29-8149\/","title":{"rendered":"29-8149"},"content":{"rendered":"<p>Descripci\u00f3n: SUETER POLO<br \/>\nCABALLERO: S-M-L-XL<br \/>\nNi\u00f1os Juvenil: 8-18<br \/>\nNi\u00f1os Infantil: 2-8<br \/>\nComposici\u00f3n: 100`%POLIESTER<br \/>\nColor: AZUL,CELESTE,AZUL MARINO,VERDE,VINO,ROJO,NEGRO,AZUL ELECTRICO,BLANCO,<br \/>\nPa\u00eds de Origen: CHINA<\/p>\n","protected":false},"excerpt":{"rendered":"<p>Descripci\u00f3n: SUETER POLO CABALLERO: S-M-L-XL Ni\u00f1os Juvenil: 8-18 Ni\u00f1os Infantil: 2-8 Composici\u00f3n: 100`%POLIESTER Color: AZUL,CELESTE,AZUL MARINO,VERDE,VINO,ROJO,NEGRO,AZUL ELECTRICO,BLANCO, Pa\u00eds de Origen: CHINA<\/p>\n","protected":false},"featured_media":752,"comment_status":"open","ping_status":"closed","template":"","meta":[],"product_cat":[335,16,263,294,303,306],"product_tag":[],"_links":{"self":[{"href":"https:\/\/emetcorporation.com\/es\/wp-json\/wp\/v2\/product\/1591"}],"collection":[{"href":"https:\/\/emetcorporation.com\/es\/wp-json\/wp\/v2\/product"}],"about":[{"href":"https:\/\/emetcorporation.com\/es\/wp-json\/wp\/v2\/types\/product"}],"replies":[{"embeddable":true,"href":"https:\/\/emetcorporation.com\/es\/wp-json\/wp\/v2\/comments?post=1591"}],"wp:featuredmedia":[{"embeddable":true,"href":"https:\/\/emetcorporation.com\/es\/wp-json\/wp\/v2\/media\/752"}],"wp:attachment":[{"href":"https:\/\/emetcorporation.com\/es\/wp-json\/wp\/v2\/media?parent=1591"}],"wp:term":[{"taxonomy":"product_cat","embeddable":true,"href":"https:\/\/emetcorporation.com\/es\/wp-json\/wp\/v2\/product_cat?post=1591"},{"taxonomy":"product_tag","embeddable":true,"href":"https:\/\/emetcorporation.com\/es\/wp-json\/wp\/v2\/product_tag?post=1591"}],"curies":[{"name":"wp","href":"https:\/\/api.w.org\/{rel}","templated":true}]}}