{"id":1592,"date":"2021-01-09T21:48:41","date_gmt":"2021-01-09T21:48:41","guid":{"rendered":"https:\/\/screen.com.ve\/clientes\/emet\/es\/producto\/50-7663\/"},"modified":"2021-02-22T14:33:20","modified_gmt":"2021-02-22T14:33:20","slug":"50-7663","status":"publish","type":"product","link":"https:\/\/emetcorporation.com\/es\/producto\/50-7663\/","title":{"rendered":"50-7663"},"content":{"rendered":"<p>Descripci\u00f3n: SUETER POLO<br \/>\nCABALLERO: S-M-L-XL<br \/>\nNi\u00f1os Juvenil: 8-18<br \/>\nComposici\u00f3n: 65%POLIESTER, 35%ALGODON<br \/>\nColor: VERDE CA\u00d1A, GRIS, PLOMO, ROJO<br \/>\nPa\u00eds de Origen: INDIA<\/p>\n","protected":false},"excerpt":{"rendered":"<p>Descripci\u00f3n: SUETER POLO CABALLERO: S-M-L-XL Ni\u00f1os Juvenil: 8-18 Composici\u00f3n: 65%POLIESTER, 35%ALGODON Color: VERDE CA\u00d1A, GRIS, PLOMO, ROJO Pa\u00eds de Origen: INDIA<\/p>\n","protected":false},"featured_media":755,"comment_status":"open","ping_status":"closed","template":"","meta":[],"product_cat":[335,16,263,294,303,306],"product_tag":[],"_links":{"self":[{"href":"https:\/\/emetcorporation.com\/es\/wp-json\/wp\/v2\/product\/1592"}],"collection":[{"href":"https:\/\/emetcorporation.com\/es\/wp-json\/wp\/v2\/product"}],"about":[{"href":"https:\/\/emetcorporation.com\/es\/wp-json\/wp\/v2\/types\/product"}],"replies":[{"embeddable":true,"href":"https:\/\/emetcorporation.com\/es\/wp-json\/wp\/v2\/comments?post=1592"}],"wp:featuredmedia":[{"embeddable":true,"href":"https:\/\/emetcorporation.com\/es\/wp-json\/wp\/v2\/media\/755"}],"wp:attachment":[{"href":"https:\/\/emetcorporation.com\/es\/wp-json\/wp\/v2\/media?parent=1592"}],"wp:term":[{"taxonomy":"product_cat","embeddable":true,"href":"https:\/\/emetcorporation.com\/es\/wp-json\/wp\/v2\/product_cat?post=1592"},{"taxonomy":"product_tag","embeddable":true,"href":"https:\/\/emetcorporation.com\/es\/wp-json\/wp\/v2\/product_tag?post=1592"}],"curies":[{"name":"wp","href":"https:\/\/api.w.org\/{rel}","templated":true}]}}