{"id":1593,"date":"2021-01-09T21:48:43","date_gmt":"2021-01-09T21:48:43","guid":{"rendered":"https:\/\/screen.com.ve\/clientes\/emet\/es\/producto\/66-7911\/"},"modified":"2021-02-22T14:35:07","modified_gmt":"2021-02-22T14:35:07","slug":"66-7911","status":"publish","type":"product","link":"https:\/\/emetcorporation.com\/es\/producto\/66-7911\/","title":{"rendered":"66-7911"},"content":{"rendered":"<p>Descripci\u00f3n: SUETER POLO P\/HOMBRE<br \/>\nCABALLERO: S-M-L-XL<br \/>\nNi\u00f1os Juvenil: 8-18<br \/>\nNi\u00f1os Infantil: 2-8 y 1T-4T<br \/>\nComposici\u00f3n: 65%POLIESTER,35%ALGODON<br \/>\nColor: LILA, AZUL, VERDE, NEGRO, CHOCOLATE, FUCSIA,,MORADO,AMARILLO, CELESTE,NARANJA,ROJO,A.MARINO, CA\u00d1A<br \/>\nPa\u00eds de Origen: CHINA<\/p>\n","protected":false},"excerpt":{"rendered":"<p>Descripci\u00f3n: SUETER POLO P\/HOMBRE CABALLERO: S-M-L-XL Ni\u00f1os Juvenil: 8-18 Ni\u00f1os Infantil: 2-8 y 1T-4T Composici\u00f3n: 65%POLIESTER,35%ALGODON Color: LILA, AZUL, VERDE, NEGRO, CHOCOLATE, FUCSIA,,MORADO,AMARILLO, CELESTE,NARANJA,ROJO,A.MARINO, CA\u00d1A Pa\u00eds de Origen: CHINA<\/p>\n","protected":false},"featured_media":757,"comment_status":"open","ping_status":"closed","template":"","meta":[],"product_cat":[335,16,263,294,303,306],"product_tag":[],"_links":{"self":[{"href":"https:\/\/emetcorporation.com\/es\/wp-json\/wp\/v2\/product\/1593"}],"collection":[{"href":"https:\/\/emetcorporation.com\/es\/wp-json\/wp\/v2\/product"}],"about":[{"href":"https:\/\/emetcorporation.com\/es\/wp-json\/wp\/v2\/types\/product"}],"replies":[{"embeddable":true,"href":"https:\/\/emetcorporation.com\/es\/wp-json\/wp\/v2\/comments?post=1593"}],"wp:featuredmedia":[{"embeddable":true,"href":"https:\/\/emetcorporation.com\/es\/wp-json\/wp\/v2\/media\/757"}],"wp:attachment":[{"href":"https:\/\/emetcorporation.com\/es\/wp-json\/wp\/v2\/media?parent=1593"}],"wp:term":[{"taxonomy":"product_cat","embeddable":true,"href":"https:\/\/emetcorporation.com\/es\/wp-json\/wp\/v2\/product_cat?post=1593"},{"taxonomy":"product_tag","embeddable":true,"href":"https:\/\/emetcorporation.com\/es\/wp-json\/wp\/v2\/product_tag?post=1593"}],"curies":[{"name":"wp","href":"https:\/\/api.w.org\/{rel}","templated":true}]}}