{"id":1594,"date":"2021-01-09T21:48:45","date_gmt":"2021-01-09T21:48:45","guid":{"rendered":"https:\/\/screen.com.ve\/clientes\/emet\/es\/producto\/66-8561\/"},"modified":"2021-02-22T14:37:14","modified_gmt":"2021-02-22T14:37:14","slug":"66-8561","status":"publish","type":"product","link":"https:\/\/emetcorporation.com\/es\/producto\/66-8561\/","title":{"rendered":"66-8561"},"content":{"rendered":"<p>Descripci\u00f3n: SUETER POLO P\/HOMBRE<br \/>\nCABALLERO: S-M-L-XL<br \/>\nNi\u00f1os Juvenil: 8-18<br \/>\nComposici\u00f3n: 100% POLIESTER<br \/>\nColor: CELESTE, AZUL, BLANCO, CREMA, VERDE, NEGRO<br \/>\nPa\u00eds de Origen: CHINA<\/p>\n","protected":false},"excerpt":{"rendered":"<p>Descripci\u00f3n: SUETER POLO P\/HOMBRE CABALLERO: S-M-L-XL Ni\u00f1os Juvenil: 8-18 Composici\u00f3n: 100% POLIESTER Color: CELESTE, AZUL, BLANCO, CREMA, VERDE, NEGRO Pa\u00eds de Origen: CHINA<\/p>\n","protected":false},"featured_media":764,"comment_status":"open","ping_status":"closed","template":"","meta":[],"product_cat":[335,16,263,294,303,306],"product_tag":[],"_links":{"self":[{"href":"https:\/\/emetcorporation.com\/es\/wp-json\/wp\/v2\/product\/1594"}],"collection":[{"href":"https:\/\/emetcorporation.com\/es\/wp-json\/wp\/v2\/product"}],"about":[{"href":"https:\/\/emetcorporation.com\/es\/wp-json\/wp\/v2\/types\/product"}],"replies":[{"embeddable":true,"href":"https:\/\/emetcorporation.com\/es\/wp-json\/wp\/v2\/comments?post=1594"}],"wp:featuredmedia":[{"embeddable":true,"href":"https:\/\/emetcorporation.com\/es\/wp-json\/wp\/v2\/media\/764"}],"wp:attachment":[{"href":"https:\/\/emetcorporation.com\/es\/wp-json\/wp\/v2\/media?parent=1594"}],"wp:term":[{"taxonomy":"product_cat","embeddable":true,"href":"https:\/\/emetcorporation.com\/es\/wp-json\/wp\/v2\/product_cat?post=1594"},{"taxonomy":"product_tag","embeddable":true,"href":"https:\/\/emetcorporation.com\/es\/wp-json\/wp\/v2\/product_tag?post=1594"}],"curies":[{"name":"wp","href":"https:\/\/api.w.org\/{rel}","templated":true}]}}