{"id":1596,"date":"2021-01-09T21:48:49","date_gmt":"2021-01-09T21:48:49","guid":{"rendered":"https:\/\/screen.com.ve\/clientes\/emet\/es\/producto\/or40-1066\/"},"modified":"2021-02-22T14:40:17","modified_gmt":"2021-02-22T14:40:17","slug":"or40-1066","status":"publish","type":"product","link":"https:\/\/emetcorporation.com\/es\/producto\/or40-1066\/","title":{"rendered":"OR40-1066"},"content":{"rendered":"<p>Descripci\u00f3n: SUETER POLO P\/HOMBRE<br \/>\nCABALLERO: S-M-L-XL<br \/>\nNi\u00f1os Juvenil: 10-18<br \/>\nComposici\u00f3n: 65%POLIESTER,35%ALGODON<br \/>\nColor: NARANJA,BLANCO,AZUL,VERDE<br \/>\nPa\u00eds de Origen: CHINA<\/p>\n","protected":false},"excerpt":{"rendered":"<p>Descripci\u00f3n: SUETER POLO P\/HOMBRE CABALLERO: S-M-L-XL Ni\u00f1os Juvenil: 10-18 Composici\u00f3n: 65%POLIESTER,35%ALGODON Color: NARANJA,BLANCO,AZUL,VERDE Pa\u00eds de Origen: CHINA<\/p>\n","protected":false},"featured_media":565,"comment_status":"open","ping_status":"closed","template":"","meta":[],"product_cat":[335,16,263,294,303,306],"product_tag":[],"_links":{"self":[{"href":"https:\/\/emetcorporation.com\/es\/wp-json\/wp\/v2\/product\/1596"}],"collection":[{"href":"https:\/\/emetcorporation.com\/es\/wp-json\/wp\/v2\/product"}],"about":[{"href":"https:\/\/emetcorporation.com\/es\/wp-json\/wp\/v2\/types\/product"}],"replies":[{"embeddable":true,"href":"https:\/\/emetcorporation.com\/es\/wp-json\/wp\/v2\/comments?post=1596"}],"wp:featuredmedia":[{"embeddable":true,"href":"https:\/\/emetcorporation.com\/es\/wp-json\/wp\/v2\/media\/565"}],"wp:attachment":[{"href":"https:\/\/emetcorporation.com\/es\/wp-json\/wp\/v2\/media?parent=1596"}],"wp:term":[{"taxonomy":"product_cat","embeddable":true,"href":"https:\/\/emetcorporation.com\/es\/wp-json\/wp\/v2\/product_cat?post=1596"},{"taxonomy":"product_tag","embeddable":true,"href":"https:\/\/emetcorporation.com\/es\/wp-json\/wp\/v2\/product_tag?post=1596"}],"curies":[{"name":"wp","href":"https:\/\/api.w.org\/{rel}","templated":true}]}}