{"id":1597,"date":"2021-01-09T21:48:51","date_gmt":"2021-01-09T21:48:51","guid":{"rendered":"https:\/\/screen.com.ve\/clientes\/emet\/es\/producto\/or81-300\/"},"modified":"2021-02-22T14:42:34","modified_gmt":"2021-02-22T14:42:34","slug":"or81-300","status":"publish","type":"product","link":"https:\/\/emetcorporation.com\/es\/producto\/or81-300\/","title":{"rendered":"OR81-300"},"content":{"rendered":"<p>Descripci\u00f3n: SUETER POLO P\/HOMBRE<br \/>\nCABALLERO: S-M-L-XL<br \/>\nNi\u00f1os Juvenil: 10-18<br \/>\nNi\u00f1os Infantil: 2-8<br \/>\nComposici\u00f3n: 65%POLIESTER,35%ALGODON<br \/>\nColor: BLANCO,NEGRO,ROJO,AZUL,FUCSIA,NARANJA<br \/>\nPa\u00eds de Origen: CHINA<\/p>\n","protected":false},"excerpt":{"rendered":"<p>Descripci\u00f3n: SUETER POLO P\/HOMBRE CABALLERO: S-M-L-XL Ni\u00f1os Juvenil: 10-18 Ni\u00f1os Infantil: 2-8 Composici\u00f3n: 65%POLIESTER,35%ALGODON Color: BLANCO,NEGRO,ROJO,AZUL,FUCSIA,NARANJA Pa\u00eds de Origen: CHINA<\/p>\n","protected":false},"featured_media":770,"comment_status":"open","ping_status":"closed","template":"","meta":[],"product_cat":[335,16,263,294,303,306],"product_tag":[],"_links":{"self":[{"href":"https:\/\/emetcorporation.com\/es\/wp-json\/wp\/v2\/product\/1597"}],"collection":[{"href":"https:\/\/emetcorporation.com\/es\/wp-json\/wp\/v2\/product"}],"about":[{"href":"https:\/\/emetcorporation.com\/es\/wp-json\/wp\/v2\/types\/product"}],"replies":[{"embeddable":true,"href":"https:\/\/emetcorporation.com\/es\/wp-json\/wp\/v2\/comments?post=1597"}],"wp:featuredmedia":[{"embeddable":true,"href":"https:\/\/emetcorporation.com\/es\/wp-json\/wp\/v2\/media\/770"}],"wp:attachment":[{"href":"https:\/\/emetcorporation.com\/es\/wp-json\/wp\/v2\/media?parent=1597"}],"wp:term":[{"taxonomy":"product_cat","embeddable":true,"href":"https:\/\/emetcorporation.com\/es\/wp-json\/wp\/v2\/product_cat?post=1597"},{"taxonomy":"product_tag","embeddable":true,"href":"https:\/\/emetcorporation.com\/es\/wp-json\/wp\/v2\/product_tag?post=1597"}],"curies":[{"name":"wp","href":"https:\/\/api.w.org\/{rel}","templated":true}]}}