{"id":1609,"date":"2021-01-09T21:49:21","date_gmt":"2021-01-09T21:49:21","guid":{"rendered":"https:\/\/screen.com.ve\/clientes\/emet\/es\/producto\/60-346\/"},"modified":"2021-02-22T15:18:31","modified_gmt":"2021-02-22T15:18:31","slug":"60-346","status":"publish","type":"product","link":"https:\/\/emetcorporation.com\/es\/producto\/60-346\/","title":{"rendered":"60-346"},"content":{"rendered":"<p>Descripci\u00f3n: PANTALON P\/HOMBRE<br \/>\nCABALLERO: 28-36<br \/>\nNi\u00f1os Juvenil: 8-18<br \/>\nComposici\u00f3n: 82%ALGOD,15%POLIE,3%ELAST<br \/>\nColor: NEGRO, AZUL, KAKI, CORAL, OLIVO<br \/>\nPa\u00eds de Origen: CHINA<\/p>\n","protected":false},"excerpt":{"rendered":"<p>Descripci\u00f3n: PANTALON P\/HOMBRE CABALLERO: 28-36 Ni\u00f1os Juvenil: 8-18 Composici\u00f3n: 82%ALGOD,15%POLIE,3%ELAST Color: NEGRO, AZUL, KAKI, CORAL, OLIVO Pa\u00eds de Origen: CHINA<\/p>\n","protected":false},"featured_media":592,"comment_status":"open","ping_status":"closed","template":"","meta":[],"product_cat":[337,16,263,294,305,306],"product_tag":[],"_links":{"self":[{"href":"https:\/\/emetcorporation.com\/es\/wp-json\/wp\/v2\/product\/1609"}],"collection":[{"href":"https:\/\/emetcorporation.com\/es\/wp-json\/wp\/v2\/product"}],"about":[{"href":"https:\/\/emetcorporation.com\/es\/wp-json\/wp\/v2\/types\/product"}],"replies":[{"embeddable":true,"href":"https:\/\/emetcorporation.com\/es\/wp-json\/wp\/v2\/comments?post=1609"}],"wp:featuredmedia":[{"embeddable":true,"href":"https:\/\/emetcorporation.com\/es\/wp-json\/wp\/v2\/media\/592"}],"wp:attachment":[{"href":"https:\/\/emetcorporation.com\/es\/wp-json\/wp\/v2\/media?parent=1609"}],"wp:term":[{"taxonomy":"product_cat","embeddable":true,"href":"https:\/\/emetcorporation.com\/es\/wp-json\/wp\/v2\/product_cat?post=1609"},{"taxonomy":"product_tag","embeddable":true,"href":"https:\/\/emetcorporation.com\/es\/wp-json\/wp\/v2\/product_tag?post=1609"}],"curies":[{"name":"wp","href":"https:\/\/api.w.org\/{rel}","templated":true}]}}