{"id":1614,"date":"2021-01-09T21:49:32","date_gmt":"2021-01-09T21:49:32","guid":{"rendered":"https:\/\/screen.com.ve\/clientes\/emet\/es\/producto\/66-8997\/"},"modified":"2021-02-22T15:32:20","modified_gmt":"2021-02-22T15:32:20","slug":"66-8997","status":"publish","type":"product","link":"https:\/\/emetcorporation.com\/es\/producto\/66-8997\/","title":{"rendered":"66-8997"},"content":{"rendered":"<p>Descripci\u00f3n: PANTALON P\/HOMBRE<br \/>\nCABALLERO: 28-38<br \/>\nNi\u00f1os Juvenil: 8-18<br \/>\nComposici\u00f3n: 100% ALGOD\u00d3N<br \/>\nColor: BLANCO,NEGRO,AZUL,ROJO,CELESTE,AMARILLO<br \/>\nPa\u00eds de Origen: CHINA<\/p>\n","protected":false},"excerpt":{"rendered":"<p>Descripci\u00f3n: PANTALON P\/HOMBRE CABALLERO: 28-38 Ni\u00f1os Juvenil: 8-18 Composici\u00f3n: 100% ALGOD\u00d3N Color: BLANCO,NEGRO,AZUL,ROJO,CELESTE,AMARILLO Pa\u00eds de Origen: CHINA<\/p>\n","protected":false},"featured_media":602,"comment_status":"open","ping_status":"closed","template":"","meta":[],"product_cat":[337,16,263,294,305,306],"product_tag":[],"_links":{"self":[{"href":"https:\/\/emetcorporation.com\/es\/wp-json\/wp\/v2\/product\/1614"}],"collection":[{"href":"https:\/\/emetcorporation.com\/es\/wp-json\/wp\/v2\/product"}],"about":[{"href":"https:\/\/emetcorporation.com\/es\/wp-json\/wp\/v2\/types\/product"}],"replies":[{"embeddable":true,"href":"https:\/\/emetcorporation.com\/es\/wp-json\/wp\/v2\/comments?post=1614"}],"wp:featuredmedia":[{"embeddable":true,"href":"https:\/\/emetcorporation.com\/es\/wp-json\/wp\/v2\/media\/602"}],"wp:attachment":[{"href":"https:\/\/emetcorporation.com\/es\/wp-json\/wp\/v2\/media?parent=1614"}],"wp:term":[{"taxonomy":"product_cat","embeddable":true,"href":"https:\/\/emetcorporation.com\/es\/wp-json\/wp\/v2\/product_cat?post=1614"},{"taxonomy":"product_tag","embeddable":true,"href":"https:\/\/emetcorporation.com\/es\/wp-json\/wp\/v2\/product_tag?post=1614"}],"curies":[{"name":"wp","href":"https:\/\/api.w.org\/{rel}","templated":true}]}}