{"id":1620,"date":"2021-01-09T21:49:48","date_gmt":"2021-01-09T21:49:48","guid":{"rendered":"https:\/\/screen.com.ve\/clientes\/emet\/es\/producto\/76-3692\/"},"modified":"2021-02-22T15:40:53","modified_gmt":"2021-02-22T15:40:53","slug":"76-3692","status":"publish","type":"product","link":"https:\/\/emetcorporation.com\/es\/producto\/76-3692\/","title":{"rendered":"76-3692"},"content":{"rendered":"<p>Descripci\u00f3n: PANTALON P\/HOMBRE<br \/>\nCABALLERO: 28-36<br \/>\nNi\u00f1os Juvenil: 8-18<br \/>\nNi\u00f1os Infantil: 2-8<br \/>\nComposici\u00f3n: 65%POLYESTER 35%COTTON<br \/>\nColor: NEGRO,GRIS,VERDE<br \/>\nPa\u00eds de Origen: CHINA<\/p>\n","protected":false},"excerpt":{"rendered":"<p>Descripci\u00f3n: PANTALON P\/HOMBRE CABALLERO: 28-36 Ni\u00f1os Juvenil: 8-18 Ni\u00f1os Infantil: 2-8 Composici\u00f3n: 65%POLYESTER 35%COTTON Color: NEGRO,GRIS,VERDE Pa\u00eds de Origen: CHINA<\/p>\n","protected":false},"featured_media":851,"comment_status":"open","ping_status":"closed","template":"","meta":[],"product_cat":[337,16,263,294,305,306],"product_tag":[],"_links":{"self":[{"href":"https:\/\/emetcorporation.com\/es\/wp-json\/wp\/v2\/product\/1620"}],"collection":[{"href":"https:\/\/emetcorporation.com\/es\/wp-json\/wp\/v2\/product"}],"about":[{"href":"https:\/\/emetcorporation.com\/es\/wp-json\/wp\/v2\/types\/product"}],"replies":[{"embeddable":true,"href":"https:\/\/emetcorporation.com\/es\/wp-json\/wp\/v2\/comments?post=1620"}],"wp:featuredmedia":[{"embeddable":true,"href":"https:\/\/emetcorporation.com\/es\/wp-json\/wp\/v2\/media\/851"}],"wp:attachment":[{"href":"https:\/\/emetcorporation.com\/es\/wp-json\/wp\/v2\/media?parent=1620"}],"wp:term":[{"taxonomy":"product_cat","embeddable":true,"href":"https:\/\/emetcorporation.com\/es\/wp-json\/wp\/v2\/product_cat?post=1620"},{"taxonomy":"product_tag","embeddable":true,"href":"https:\/\/emetcorporation.com\/es\/wp-json\/wp\/v2\/product_tag?post=1620"}],"curies":[{"name":"wp","href":"https:\/\/api.w.org\/{rel}","templated":true}]}}