{"id":1621,"date":"2021-01-09T21:49:50","date_gmt":"2021-01-09T21:49:50","guid":{"rendered":"https:\/\/screen.com.ve\/clientes\/emet\/es\/producto\/76-5211\/"},"modified":"2021-02-22T15:45:38","modified_gmt":"2021-02-22T15:45:38","slug":"76-5211","status":"publish","type":"product","link":"https:\/\/emetcorporation.com\/es\/producto\/76-5211\/","title":{"rendered":"76-5211"},"content":{"rendered":"<p>Descripci\u00f3n: PANTALON P\/HOMBRE<br \/>\nCABALLERO: 30-40<br \/>\nNi\u00f1os Juvenil: 6-16<br \/>\nNi\u00f1os Infantil: 2-8<br \/>\nComposici\u00f3n: 60%POLIESTER,40%ALGODON<br \/>\nColor: CREMA,GRIS,NEGRO,AZUL MARINO,CHOCOLATE,KAKHI<br \/>\nPa\u00eds de Origen: CHINA<\/p>\n","protected":false},"excerpt":{"rendered":"<p>Descripci\u00f3n: PANTALON P\/HOMBRE CABALLERO: 30-40 Ni\u00f1os Juvenil: 6-16 Ni\u00f1os Infantil: 2-8 Composici\u00f3n: 60%POLIESTER,40%ALGODON Color: CREMA,GRIS,NEGRO,AZUL MARINO,CHOCOLATE,KAKHI Pa\u00eds de Origen: CHINA<\/p>\n","protected":false},"featured_media":853,"comment_status":"open","ping_status":"closed","template":"","meta":[],"product_cat":[337,16,263,294,305,306],"product_tag":[],"_links":{"self":[{"href":"https:\/\/emetcorporation.com\/es\/wp-json\/wp\/v2\/product\/1621"}],"collection":[{"href":"https:\/\/emetcorporation.com\/es\/wp-json\/wp\/v2\/product"}],"about":[{"href":"https:\/\/emetcorporation.com\/es\/wp-json\/wp\/v2\/types\/product"}],"replies":[{"embeddable":true,"href":"https:\/\/emetcorporation.com\/es\/wp-json\/wp\/v2\/comments?post=1621"}],"wp:featuredmedia":[{"embeddable":true,"href":"https:\/\/emetcorporation.com\/es\/wp-json\/wp\/v2\/media\/853"}],"wp:attachment":[{"href":"https:\/\/emetcorporation.com\/es\/wp-json\/wp\/v2\/media?parent=1621"}],"wp:term":[{"taxonomy":"product_cat","embeddable":true,"href":"https:\/\/emetcorporation.com\/es\/wp-json\/wp\/v2\/product_cat?post=1621"},{"taxonomy":"product_tag","embeddable":true,"href":"https:\/\/emetcorporation.com\/es\/wp-json\/wp\/v2\/product_tag?post=1621"}],"curies":[{"name":"wp","href":"https:\/\/api.w.org\/{rel}","templated":true}]}}