{"id":1623,"date":"2021-01-09T21:49:55","date_gmt":"2021-01-09T21:49:55","guid":{"rendered":"https:\/\/screen.com.ve\/clientes\/emet\/es\/producto\/100-391\/"},"modified":"2021-02-22T15:48:41","modified_gmt":"2021-02-22T15:48:41","slug":"100-391","status":"publish","type":"product","link":"https:\/\/emetcorporation.com\/es\/producto\/100-391\/","title":{"rendered":"100-391"},"content":{"rendered":"<p>Descripci\u00f3n: PANTALON P\/HOMBRE<br \/>\nCABALLERO: 30-38<br \/>\nNi\u00f1os Juvenil: 8-18<br \/>\nComposici\u00f3n: 100% ALGOD\u00d3N<br \/>\nColor: VERDE,AZUL,AZUL MAR,NARANJA,TURQUESA,ROJO<br \/>\nPa\u00eds de Origen: CHINA<\/p>\n","protected":false},"excerpt":{"rendered":"<p>Descripci\u00f3n: PANTALON P\/HOMBRE CABALLERO: 30-38 Ni\u00f1os Juvenil: 8-18 Composici\u00f3n: 100% ALGOD\u00d3N Color: VERDE,AZUL,AZUL MAR,NARANJA,TURQUESA,ROJO Pa\u00eds de Origen: CHINA<\/p>\n","protected":false},"featured_media":609,"comment_status":"open","ping_status":"closed","template":"","meta":[],"product_cat":[337,16,263,294,305,306],"product_tag":[],"_links":{"self":[{"href":"https:\/\/emetcorporation.com\/es\/wp-json\/wp\/v2\/product\/1623"}],"collection":[{"href":"https:\/\/emetcorporation.com\/es\/wp-json\/wp\/v2\/product"}],"about":[{"href":"https:\/\/emetcorporation.com\/es\/wp-json\/wp\/v2\/types\/product"}],"replies":[{"embeddable":true,"href":"https:\/\/emetcorporation.com\/es\/wp-json\/wp\/v2\/comments?post=1623"}],"wp:featuredmedia":[{"embeddable":true,"href":"https:\/\/emetcorporation.com\/es\/wp-json\/wp\/v2\/media\/609"}],"wp:attachment":[{"href":"https:\/\/emetcorporation.com\/es\/wp-json\/wp\/v2\/media?parent=1623"}],"wp:term":[{"taxonomy":"product_cat","embeddable":true,"href":"https:\/\/emetcorporation.com\/es\/wp-json\/wp\/v2\/product_cat?post=1623"},{"taxonomy":"product_tag","embeddable":true,"href":"https:\/\/emetcorporation.com\/es\/wp-json\/wp\/v2\/product_tag?post=1623"}],"curies":[{"name":"wp","href":"https:\/\/api.w.org\/{rel}","templated":true}]}}