{"id":1624,"date":"2021-01-09T21:49:57","date_gmt":"2021-01-09T21:49:57","guid":{"rendered":"https:\/\/screen.com.ve\/clientes\/emet\/es\/producto\/100-402\/"},"modified":"2021-02-22T15:50:18","modified_gmt":"2021-02-22T15:50:18","slug":"100-402","status":"publish","type":"product","link":"https:\/\/emetcorporation.com\/es\/producto\/100-402\/","title":{"rendered":"100-402"},"content":{"rendered":"<p>Descripci\u00f3n: PANTALON P\/HOMBRE<br \/>\nCABALLERO: 30-38<br \/>\nComposici\u00f3n: 100% ALGOD\u00d3N<br \/>\nColor: VERDE,AZUL,AZUL MAR,NARANJA,TURQUESA,ROJO<br \/>\nPa\u00eds de Origen: CHINA<\/p>\n","protected":false},"excerpt":{"rendered":"<p>Descripci\u00f3n: PANTALON P\/HOMBRE CABALLERO: 30-38 Composici\u00f3n: 100% ALGOD\u00d3N Color: VERDE,AZUL,AZUL MAR,NARANJA,TURQUESA,ROJO Pa\u00eds de Origen: CHINA<\/p>\n","protected":false},"featured_media":610,"comment_status":"open","ping_status":"closed","template":"","meta":[],"product_cat":[16,263,294,301],"product_tag":[],"_links":{"self":[{"href":"https:\/\/emetcorporation.com\/es\/wp-json\/wp\/v2\/product\/1624"}],"collection":[{"href":"https:\/\/emetcorporation.com\/es\/wp-json\/wp\/v2\/product"}],"about":[{"href":"https:\/\/emetcorporation.com\/es\/wp-json\/wp\/v2\/types\/product"}],"replies":[{"embeddable":true,"href":"https:\/\/emetcorporation.com\/es\/wp-json\/wp\/v2\/comments?post=1624"}],"wp:featuredmedia":[{"embeddable":true,"href":"https:\/\/emetcorporation.com\/es\/wp-json\/wp\/v2\/media\/610"}],"wp:attachment":[{"href":"https:\/\/emetcorporation.com\/es\/wp-json\/wp\/v2\/media?parent=1624"}],"wp:term":[{"taxonomy":"product_cat","embeddable":true,"href":"https:\/\/emetcorporation.com\/es\/wp-json\/wp\/v2\/product_cat?post=1624"},{"taxonomy":"product_tag","embeddable":true,"href":"https:\/\/emetcorporation.com\/es\/wp-json\/wp\/v2\/product_tag?post=1624"}],"curies":[{"name":"wp","href":"https:\/\/api.w.org\/{rel}","templated":true}]}}