{"id":1625,"date":"2021-01-09T21:50:01","date_gmt":"2021-01-09T21:50:01","guid":{"rendered":"https:\/\/screen.com.ve\/clientes\/emet\/es\/producto\/or29-221\/"},"modified":"2021-02-22T15:53:30","modified_gmt":"2021-02-22T15:53:30","slug":"or29-221","status":"publish","type":"product","link":"https:\/\/emetcorporation.com\/es\/producto\/or29-221\/","title":{"rendered":"OR29-221"},"content":{"rendered":"<p>Descripci\u00f3n: SHORTS P\/HOMBRE<br \/>\nCABALLERO: S-M-L-XL<br \/>\nNi\u00f1os Juvenil: 6-16<br \/>\nComposici\u00f3n: 100%POLIESTER<br \/>\nColor: AZUL MARINO, LIMON, ROJO, GRIS, AZUL,TURQUESA<br \/>\nPa\u00eds de Origen: CHINA<\/p>\n","protected":false},"excerpt":{"rendered":"<p>Descripci\u00f3n: SHORTS P\/HOMBRE CABALLERO: S-M-L-XL Ni\u00f1os Juvenil: 6-16 Composici\u00f3n: 100%POLIESTER Color: AZUL MARINO, LIMON, ROJO, GRIS, AZUL,TURQUESA Pa\u00eds de Origen: CHINA<\/p>\n","protected":false},"featured_media":857,"comment_status":"open","ping_status":"closed","template":"","meta":[],"product_cat":[331,16,263,294,299,306],"product_tag":[],"_links":{"self":[{"href":"https:\/\/emetcorporation.com\/es\/wp-json\/wp\/v2\/product\/1625"}],"collection":[{"href":"https:\/\/emetcorporation.com\/es\/wp-json\/wp\/v2\/product"}],"about":[{"href":"https:\/\/emetcorporation.com\/es\/wp-json\/wp\/v2\/types\/product"}],"replies":[{"embeddable":true,"href":"https:\/\/emetcorporation.com\/es\/wp-json\/wp\/v2\/comments?post=1625"}],"wp:featuredmedia":[{"embeddable":true,"href":"https:\/\/emetcorporation.com\/es\/wp-json\/wp\/v2\/media\/857"}],"wp:attachment":[{"href":"https:\/\/emetcorporation.com\/es\/wp-json\/wp\/v2\/media?parent=1625"}],"wp:term":[{"taxonomy":"product_cat","embeddable":true,"href":"https:\/\/emetcorporation.com\/es\/wp-json\/wp\/v2\/product_cat?post=1625"},{"taxonomy":"product_tag","embeddable":true,"href":"https:\/\/emetcorporation.com\/es\/wp-json\/wp\/v2\/product_tag?post=1625"}],"curies":[{"name":"wp","href":"https:\/\/api.w.org\/{rel}","templated":true}]}}