{"id":1626,"date":"2021-01-09T21:50:03","date_gmt":"2021-01-09T21:50:03","guid":{"rendered":"https:\/\/screen.com.ve\/clientes\/emet\/es\/producto\/or47-100\/"},"modified":"2021-02-22T15:54:38","modified_gmt":"2021-02-22T15:54:38","slug":"or47-100","status":"publish","type":"product","link":"https:\/\/emetcorporation.com\/es\/producto\/or47-100\/","title":{"rendered":"OR47-100"},"content":{"rendered":"<p>Descripci\u00f3n: PANTALON P\/HOMBRE<br \/>\nCABALLERO: 28-38<br \/>\nNi\u00f1os Juvenil: 8-18<br \/>\nComposici\u00f3n: 100% ALGOD\u00d3N<br \/>\nColor: VERDE,NEGRO,AZUL,ROJO,NARANJA,CREMA<br \/>\nPa\u00eds de Origen: CHINA<\/p>\n","protected":false},"excerpt":{"rendered":"<p>Descripci\u00f3n: PANTALON P\/HOMBRE CABALLERO: 28-38 Ni\u00f1os Juvenil: 8-18 Composici\u00f3n: 100% ALGOD\u00d3N Color: VERDE,NEGRO,AZUL,ROJO,NARANJA,CREMA Pa\u00eds de Origen: CHINA<\/p>\n","protected":false},"featured_media":611,"comment_status":"open","ping_status":"closed","template":"","meta":[],"product_cat":[337,16,263,294,305,306],"product_tag":[],"_links":{"self":[{"href":"https:\/\/emetcorporation.com\/es\/wp-json\/wp\/v2\/product\/1626"}],"collection":[{"href":"https:\/\/emetcorporation.com\/es\/wp-json\/wp\/v2\/product"}],"about":[{"href":"https:\/\/emetcorporation.com\/es\/wp-json\/wp\/v2\/types\/product"}],"replies":[{"embeddable":true,"href":"https:\/\/emetcorporation.com\/es\/wp-json\/wp\/v2\/comments?post=1626"}],"wp:featuredmedia":[{"embeddable":true,"href":"https:\/\/emetcorporation.com\/es\/wp-json\/wp\/v2\/media\/611"}],"wp:attachment":[{"href":"https:\/\/emetcorporation.com\/es\/wp-json\/wp\/v2\/media?parent=1626"}],"wp:term":[{"taxonomy":"product_cat","embeddable":true,"href":"https:\/\/emetcorporation.com\/es\/wp-json\/wp\/v2\/product_cat?post=1626"},{"taxonomy":"product_tag","embeddable":true,"href":"https:\/\/emetcorporation.com\/es\/wp-json\/wp\/v2\/product_tag?post=1626"}],"curies":[{"name":"wp","href":"https:\/\/api.w.org\/{rel}","templated":true}]}}