{"id":1631,"date":"2021-01-09T21:50:16","date_gmt":"2021-01-09T21:50:16","guid":{"rendered":"https:\/\/screen.com.ve\/clientes\/emet\/es\/producto\/40-7820\/"},"modified":"2021-02-22T16:09:40","modified_gmt":"2021-02-22T16:09:40","slug":"40-7820","status":"publish","type":"product","link":"https:\/\/emetcorporation.com\/es\/producto\/40-7820\/","title":{"rendered":"40-7820"},"content":{"rendered":"<p>Descripci\u00f3n: SUETER P\/HOMBRE<br \/>\nTalla: S-M-L-XL<br \/>\nComposici\u00f3n: 65% POLIESTER 35% ALGOD\u00d3N<br \/>\nColor: BLANC,NEGR,AZUL,ROJO,NARAN,CELEST,A.MARIN,VER.CA\u00d1A<br \/>\nPa\u00eds de Origen: CHINA<\/p>\n","protected":false},"excerpt":{"rendered":"<p>Descripci\u00f3n: SUETER P\/HOMBRE Talla: S-M-L-XL Composici\u00f3n: 65% POLIESTER 35% ALGOD\u00d3N Color: BLANC,NEGR,AZUL,ROJO,NARAN,CELEST,A.MARIN,VER.CA\u00d1A Pa\u00eds de Origen: CHINA<\/p>\n","protected":false},"featured_media":815,"comment_status":"open","ping_status":"closed","template":"","meta":[],"product_cat":[16,263,294,325],"product_tag":[],"_links":{"self":[{"href":"https:\/\/emetcorporation.com\/es\/wp-json\/wp\/v2\/product\/1631"}],"collection":[{"href":"https:\/\/emetcorporation.com\/es\/wp-json\/wp\/v2\/product"}],"about":[{"href":"https:\/\/emetcorporation.com\/es\/wp-json\/wp\/v2\/types\/product"}],"replies":[{"embeddable":true,"href":"https:\/\/emetcorporation.com\/es\/wp-json\/wp\/v2\/comments?post=1631"}],"wp:featuredmedia":[{"embeddable":true,"href":"https:\/\/emetcorporation.com\/es\/wp-json\/wp\/v2\/media\/815"}],"wp:attachment":[{"href":"https:\/\/emetcorporation.com\/es\/wp-json\/wp\/v2\/media?parent=1631"}],"wp:term":[{"taxonomy":"product_cat","embeddable":true,"href":"https:\/\/emetcorporation.com\/es\/wp-json\/wp\/v2\/product_cat?post=1631"},{"taxonomy":"product_tag","embeddable":true,"href":"https:\/\/emetcorporation.com\/es\/wp-json\/wp\/v2\/product_tag?post=1631"}],"curies":[{"name":"wp","href":"https:\/\/api.w.org\/{rel}","templated":true}]}}