{"id":1638,"date":"2021-01-09T21:50:37","date_gmt":"2021-01-09T21:50:37","guid":{"rendered":"https:\/\/screen.com.ve\/clientes\/emet\/es\/producto\/72-2789\/"},"modified":"2021-02-22T16:22:49","modified_gmt":"2021-02-22T16:22:49","slug":"72-2789","status":"publish","type":"product","link":"https:\/\/emetcorporation.com\/es\/producto\/72-2789\/","title":{"rendered":"72-2789"},"content":{"rendered":"<p>Descripci\u00f3n: SUETER P\/HOMBRE<br \/>\nCABALLERO: S-M-L-XL<br \/>\nNi\u00f1os Juvenil: 8-18<br \/>\nComposici\u00f3n: 100% ALGODON<br \/>\nColor: VERDE,AZUL MAR,ROJO,CELESTE,TURQUEZA,MORADO<br \/>\nPa\u00eds de Origen: CHINA<\/p>\n","protected":false},"excerpt":{"rendered":"<p>Descripci\u00f3n: SUETER P\/HOMBRE CABALLERO: S-M-L-XL Ni\u00f1os Juvenil: 8-18 Composici\u00f3n: 100% ALGODON Color: VERDE,AZUL MAR,ROJO,CELESTE,TURQUEZA,MORADO Pa\u00eds de Origen: CHINA<\/p>\n","protected":false},"featured_media":842,"comment_status":"open","ping_status":"closed","template":"","meta":[],"product_cat":[16,263,294,325,306,307],"product_tag":[],"_links":{"self":[{"href":"https:\/\/emetcorporation.com\/es\/wp-json\/wp\/v2\/product\/1638"}],"collection":[{"href":"https:\/\/emetcorporation.com\/es\/wp-json\/wp\/v2\/product"}],"about":[{"href":"https:\/\/emetcorporation.com\/es\/wp-json\/wp\/v2\/types\/product"}],"replies":[{"embeddable":true,"href":"https:\/\/emetcorporation.com\/es\/wp-json\/wp\/v2\/comments?post=1638"}],"wp:featuredmedia":[{"embeddable":true,"href":"https:\/\/emetcorporation.com\/es\/wp-json\/wp\/v2\/media\/842"}],"wp:attachment":[{"href":"https:\/\/emetcorporation.com\/es\/wp-json\/wp\/v2\/media?parent=1638"}],"wp:term":[{"taxonomy":"product_cat","embeddable":true,"href":"https:\/\/emetcorporation.com\/es\/wp-json\/wp\/v2\/product_cat?post=1638"},{"taxonomy":"product_tag","embeddable":true,"href":"https:\/\/emetcorporation.com\/es\/wp-json\/wp\/v2\/product_tag?post=1638"}],"curies":[{"name":"wp","href":"https:\/\/api.w.org\/{rel}","templated":true}]}}