{"id":1640,"date":"2021-01-09T21:50:41","date_gmt":"2021-01-09T21:50:41","guid":{"rendered":"https:\/\/screen.com.ve\/clientes\/emet\/es\/producto\/81-505\/"},"modified":"2021-02-22T16:25:27","modified_gmt":"2021-02-22T16:25:27","slug":"81-505","status":"publish","type":"product","link":"https:\/\/emetcorporation.com\/es\/producto\/81-505\/","title":{"rendered":"81-505"},"content":{"rendered":"<p>Descripci\u00f3n: SUETER P\/HOMBRE<br \/>\nCABALLERO: S-M-L-XL<br \/>\nNi\u00f1os Juvenil: 8-18<br \/>\nComposici\u00f3n: 65%POLI,30%ALGOD,5%ELAST<br \/>\nColor: BLANCO,ROJO,AZUL,NEGRO<br \/>\nPa\u00eds de Origen: CHINA<\/p>\n","protected":false},"excerpt":{"rendered":"<p>Descripci\u00f3n: SUETER P\/HOMBRE CABALLERO: S-M-L-XL Ni\u00f1os Juvenil: 8-18 Composici\u00f3n: 65%POLI,30%ALGOD,5%ELAST Color: BLANCO,ROJO,AZUL,NEGRO Pa\u00eds de Origen: CHINA<\/p>\n","protected":false},"featured_media":583,"comment_status":"open","ping_status":"closed","template":"","meta":[],"product_cat":[16,263,294,325,306,307],"product_tag":[],"_links":{"self":[{"href":"https:\/\/emetcorporation.com\/es\/wp-json\/wp\/v2\/product\/1640"}],"collection":[{"href":"https:\/\/emetcorporation.com\/es\/wp-json\/wp\/v2\/product"}],"about":[{"href":"https:\/\/emetcorporation.com\/es\/wp-json\/wp\/v2\/types\/product"}],"replies":[{"embeddable":true,"href":"https:\/\/emetcorporation.com\/es\/wp-json\/wp\/v2\/comments?post=1640"}],"wp:featuredmedia":[{"embeddable":true,"href":"https:\/\/emetcorporation.com\/es\/wp-json\/wp\/v2\/media\/583"}],"wp:attachment":[{"href":"https:\/\/emetcorporation.com\/es\/wp-json\/wp\/v2\/media?parent=1640"}],"wp:term":[{"taxonomy":"product_cat","embeddable":true,"href":"https:\/\/emetcorporation.com\/es\/wp-json\/wp\/v2\/product_cat?post=1640"},{"taxonomy":"product_tag","embeddable":true,"href":"https:\/\/emetcorporation.com\/es\/wp-json\/wp\/v2\/product_tag?post=1640"}],"curies":[{"name":"wp","href":"https:\/\/api.w.org\/{rel}","templated":true}]}}