{"id":1643,"date":"2021-01-09T21:50:50","date_gmt":"2021-01-09T21:50:50","guid":{"rendered":"https:\/\/screen.com.ve\/clientes\/emet\/es\/producto\/3-8959\/"},"modified":"2021-01-30T22:19:51","modified_gmt":"2021-01-30T22:19:51","slug":"3-8959","status":"publish","type":"product","link":"https:\/\/emetcorporation.com\/es\/producto\/3-8959\/","title":{"rendered":"3-8959"},"content":{"rendered":"<p>Descripci\u00f3n: T-SHIRT\/NI\u00d1OS<br \/>\nComposici\u00f3n: 60%POLIE,35%ALGOD,5%ELAST<br \/>\nColor: AZUL, GRIS, NEGRO, BLANCO<br \/>\nPa\u00eds de Origen: CHINA<\/p>\n","protected":false},"excerpt":{"rendered":"<p>Descripci\u00f3n: T-SHIRT\/NI\u00d1OS Composici\u00f3n: 60%POLIE,35%ALGOD,5%ELAST Color: AZUL, GRIS, NEGRO, BLANCO Pa\u00eds de Origen: CHINA<\/p>\n","protected":false},"featured_media":4821,"comment_status":"open","ping_status":"closed","template":"","meta":[],"product_cat":[263,306,307],"product_tag":[],"_links":{"self":[{"href":"https:\/\/emetcorporation.com\/es\/wp-json\/wp\/v2\/product\/1643"}],"collection":[{"href":"https:\/\/emetcorporation.com\/es\/wp-json\/wp\/v2\/product"}],"about":[{"href":"https:\/\/emetcorporation.com\/es\/wp-json\/wp\/v2\/types\/product"}],"replies":[{"embeddable":true,"href":"https:\/\/emetcorporation.com\/es\/wp-json\/wp\/v2\/comments?post=1643"}],"wp:featuredmedia":[{"embeddable":true,"href":"https:\/\/emetcorporation.com\/es\/wp-json\/wp\/v2\/media\/4821"}],"wp:attachment":[{"href":"https:\/\/emetcorporation.com\/es\/wp-json\/wp\/v2\/media?parent=1643"}],"wp:term":[{"taxonomy":"product_cat","embeddable":true,"href":"https:\/\/emetcorporation.com\/es\/wp-json\/wp\/v2\/product_cat?post=1643"},{"taxonomy":"product_tag","embeddable":true,"href":"https:\/\/emetcorporation.com\/es\/wp-json\/wp\/v2\/product_tag?post=1643"}],"curies":[{"name":"wp","href":"https:\/\/api.w.org\/{rel}","templated":true}]}}