{"id":1646,"date":"2021-01-09T21:50:56","date_gmt":"2021-01-09T21:50:56","guid":{"rendered":"https:\/\/screen.com.ve\/clientes\/emet\/es\/producto\/21-3790\/"},"modified":"2021-01-30T22:20:07","modified_gmt":"2021-01-30T22:20:07","slug":"21-3790","status":"publish","type":"product","link":"https:\/\/emetcorporation.com\/es\/producto\/21-3790\/","title":{"rendered":"21-3790"},"content":{"rendered":"<p>Descripci\u00f3n: T-SHIRT\/NI\u00d1OS<br \/>\nComposici\u00f3n: 65%POLYESTER 35%COTTON<br \/>\nColor: NARANJA, TURQUEZA, VERDE,AZUL, AQUA, AZUL MARINO<br \/>\nPa\u00eds de Origen: CHINA<\/p>\n","protected":false},"excerpt":{"rendered":"<p>Descripci\u00f3n: T-SHIRT\/NI\u00d1OS Composici\u00f3n: 65%POLYESTER 35%COTTON Color: NARANJA, TURQUEZA, VERDE,AZUL, AQUA, AZUL MARINO Pa\u00eds de Origen: CHINA<\/p>\n","protected":false},"featured_media":2909,"comment_status":"open","ping_status":"closed","template":"","meta":[],"product_cat":[263,306,307],"product_tag":[],"_links":{"self":[{"href":"https:\/\/emetcorporation.com\/es\/wp-json\/wp\/v2\/product\/1646"}],"collection":[{"href":"https:\/\/emetcorporation.com\/es\/wp-json\/wp\/v2\/product"}],"about":[{"href":"https:\/\/emetcorporation.com\/es\/wp-json\/wp\/v2\/types\/product"}],"replies":[{"embeddable":true,"href":"https:\/\/emetcorporation.com\/es\/wp-json\/wp\/v2\/comments?post=1646"}],"wp:featuredmedia":[{"embeddable":true,"href":"https:\/\/emetcorporation.com\/es\/wp-json\/wp\/v2\/media\/2909"}],"wp:attachment":[{"href":"https:\/\/emetcorporation.com\/es\/wp-json\/wp\/v2\/media?parent=1646"}],"wp:term":[{"taxonomy":"product_cat","embeddable":true,"href":"https:\/\/emetcorporation.com\/es\/wp-json\/wp\/v2\/product_cat?post=1646"},{"taxonomy":"product_tag","embeddable":true,"href":"https:\/\/emetcorporation.com\/es\/wp-json\/wp\/v2\/product_tag?post=1646"}],"curies":[{"name":"wp","href":"https:\/\/api.w.org\/{rel}","templated":true}]}}