{"id":1648,"date":"2021-01-09T21:51:01","date_gmt":"2021-01-09T21:51:01","guid":{"rendered":"https:\/\/screen.com.ve\/clientes\/emet\/es\/producto\/40-7829\/"},"modified":"2021-01-30T22:20:08","modified_gmt":"2021-01-30T22:20:08","slug":"40-7829","status":"publish","type":"product","link":"https:\/\/emetcorporation.com\/es\/producto\/40-7829\/","title":{"rendered":"40-7829"},"content":{"rendered":"<p>Descripci\u00f3n: T-SHIRT\/NI\u00d1OS<br \/>\nComposici\u00f3n: 65%POLYESTER 35%COTTON<br \/>\nColor: BLANC,NEGR,AZUL,ROJO,NARAN,CELEST,A.MARIN,VER.CA\u00d1A<br \/>\nPa\u00eds de Origen: CHINA<\/p>\n","protected":false},"excerpt":{"rendered":"<p>Descripci\u00f3n: T-SHIRT\/NI\u00d1OS Composici\u00f3n: 65%POLYESTER 35%COTTON Color: BLANC,NEGR,AZUL,ROJO,NARAN,CELEST,A.MARIN,VER.CA\u00d1A Pa\u00eds de Origen: CHINA<\/p>\n","protected":false},"featured_media":2923,"comment_status":"open","ping_status":"closed","template":"","meta":[],"product_cat":[263,306,307],"product_tag":[],"_links":{"self":[{"href":"https:\/\/emetcorporation.com\/es\/wp-json\/wp\/v2\/product\/1648"}],"collection":[{"href":"https:\/\/emetcorporation.com\/es\/wp-json\/wp\/v2\/product"}],"about":[{"href":"https:\/\/emetcorporation.com\/es\/wp-json\/wp\/v2\/types\/product"}],"replies":[{"embeddable":true,"href":"https:\/\/emetcorporation.com\/es\/wp-json\/wp\/v2\/comments?post=1648"}],"wp:featuredmedia":[{"embeddable":true,"href":"https:\/\/emetcorporation.com\/es\/wp-json\/wp\/v2\/media\/2923"}],"wp:attachment":[{"href":"https:\/\/emetcorporation.com\/es\/wp-json\/wp\/v2\/media?parent=1648"}],"wp:term":[{"taxonomy":"product_cat","embeddable":true,"href":"https:\/\/emetcorporation.com\/es\/wp-json\/wp\/v2\/product_cat?post=1648"},{"taxonomy":"product_tag","embeddable":true,"href":"https:\/\/emetcorporation.com\/es\/wp-json\/wp\/v2\/product_tag?post=1648"}],"curies":[{"name":"wp","href":"https:\/\/api.w.org\/{rel}","templated":true}]}}