{"id":1650,"date":"2021-01-09T21:51:05","date_gmt":"2021-01-09T21:51:05","guid":{"rendered":"https:\/\/screen.com.ve\/clientes\/emet\/es\/producto\/66-8505\/"},"modified":"2021-01-30T22:20:08","modified_gmt":"2021-01-30T22:20:08","slug":"66-8505","status":"publish","type":"product","link":"https:\/\/emetcorporation.com\/es\/producto\/66-8505\/","title":{"rendered":"66-8505"},"content":{"rendered":"<p>Descripci\u00f3n: T-SHIRT\/NI\u00d1OS<br \/>\nComposici\u00f3n: 65%POLI,35%ALGODON<br \/>\nColor: AZUL, NARANJA, CHOCOLATE, BLANCO,CHOCOLATE, ROJO, AZUL, BLANCO<br \/>\nPa\u00eds de Origen: CHINA<\/p>\n","protected":false},"excerpt":{"rendered":"<p>Descripci\u00f3n: T-SHIRT\/NI\u00d1OS Composici\u00f3n: 65%POLI,35%ALGODON Color: AZUL, NARANJA, CHOCOLATE, BLANCO,CHOCOLATE, ROJO, AZUL, BLANCO Pa\u00eds de Origen: CHINA<\/p>\n","protected":false},"featured_media":826,"comment_status":"open","ping_status":"closed","template":"","meta":[],"product_cat":[263,306,307],"product_tag":[],"_links":{"self":[{"href":"https:\/\/emetcorporation.com\/es\/wp-json\/wp\/v2\/product\/1650"}],"collection":[{"href":"https:\/\/emetcorporation.com\/es\/wp-json\/wp\/v2\/product"}],"about":[{"href":"https:\/\/emetcorporation.com\/es\/wp-json\/wp\/v2\/types\/product"}],"replies":[{"embeddable":true,"href":"https:\/\/emetcorporation.com\/es\/wp-json\/wp\/v2\/comments?post=1650"}],"wp:featuredmedia":[{"embeddable":true,"href":"https:\/\/emetcorporation.com\/es\/wp-json\/wp\/v2\/media\/826"}],"wp:attachment":[{"href":"https:\/\/emetcorporation.com\/es\/wp-json\/wp\/v2\/media?parent=1650"}],"wp:term":[{"taxonomy":"product_cat","embeddable":true,"href":"https:\/\/emetcorporation.com\/es\/wp-json\/wp\/v2\/product_cat?post=1650"},{"taxonomy":"product_tag","embeddable":true,"href":"https:\/\/emetcorporation.com\/es\/wp-json\/wp\/v2\/product_tag?post=1650"}],"curies":[{"name":"wp","href":"https:\/\/api.w.org\/{rel}","templated":true}]}}