{"id":1653,"date":"2021-01-09T21:51:13","date_gmt":"2021-01-09T21:51:13","guid":{"rendered":"https:\/\/screen.com.ve\/clientes\/emet\/es\/producto\/or81-226\/"},"modified":"2021-01-30T22:20:09","modified_gmt":"2021-01-30T22:20:09","slug":"or81-226","status":"publish","type":"product","link":"https:\/\/emetcorporation.com\/es\/producto\/or81-226\/","title":{"rendered":"OR81-226"},"content":{"rendered":"<p>Descripci\u00f3n: T-SHIRT\/NI\u00d1OS<br \/>\nComposici\u00f3n: 65%POLIE,30%ALGOD,5%ELAST<br \/>\nColor: VERDE,NEGRO,GRIS,ROJO,TURQUEZA,BLANCO<br \/>\nPa\u00eds de Origen: CHINA<\/p>\n","protected":false},"excerpt":{"rendered":"<p>Descripci\u00f3n: T-SHIRT\/NI\u00d1OS Composici\u00f3n: 65%POLIE,30%ALGOD,5%ELAST Color: VERDE,NEGRO,GRIS,ROJO,TURQUEZA,BLANCO Pa\u00eds de Origen: CHINA<\/p>\n","protected":false},"featured_media":2940,"comment_status":"open","ping_status":"closed","template":"","meta":[],"product_cat":[263,306,307],"product_tag":[],"_links":{"self":[{"href":"https:\/\/emetcorporation.com\/es\/wp-json\/wp\/v2\/product\/1653"}],"collection":[{"href":"https:\/\/emetcorporation.com\/es\/wp-json\/wp\/v2\/product"}],"about":[{"href":"https:\/\/emetcorporation.com\/es\/wp-json\/wp\/v2\/types\/product"}],"replies":[{"embeddable":true,"href":"https:\/\/emetcorporation.com\/es\/wp-json\/wp\/v2\/comments?post=1653"}],"wp:featuredmedia":[{"embeddable":true,"href":"https:\/\/emetcorporation.com\/es\/wp-json\/wp\/v2\/media\/2940"}],"wp:attachment":[{"href":"https:\/\/emetcorporation.com\/es\/wp-json\/wp\/v2\/media?parent=1653"}],"wp:term":[{"taxonomy":"product_cat","embeddable":true,"href":"https:\/\/emetcorporation.com\/es\/wp-json\/wp\/v2\/product_cat?post=1653"},{"taxonomy":"product_tag","embeddable":true,"href":"https:\/\/emetcorporation.com\/es\/wp-json\/wp\/v2\/product_tag?post=1653"}],"curies":[{"name":"wp","href":"https:\/\/api.w.org\/{rel}","templated":true}]}}