{"id":1654,"date":"2021-01-09T21:51:15","date_gmt":"2021-01-09T21:51:15","guid":{"rendered":"https:\/\/screen.com.ve\/clientes\/emet\/es\/producto\/29-5808\/"},"modified":"2021-01-30T22:20:09","modified_gmt":"2021-01-30T22:20:09","slug":"29-5808","status":"publish","type":"product","link":"https:\/\/emetcorporation.com\/es\/producto\/29-5808\/","title":{"rendered":"29-5808"},"content":{"rendered":"<p>Descripci\u00f3n: PIJAMAS\/NI\u00d1OS<br \/>\nComposici\u00f3n: 65%POLIESTER, 35%ALGOD\u00d3N<br \/>\nColor: AZUL,GRIS,CELESTE,AZUL MARINO<br \/>\nPa\u00eds de Origen: CHINA<\/p>\n","protected":false},"excerpt":{"rendered":"<p>Descripci\u00f3n: PIJAMAS\/NI\u00d1OS Composici\u00f3n: 65%POLIESTER, 35%ALGOD\u00d3N Color: AZUL,GRIS,CELESTE,AZUL MARINO Pa\u00eds de Origen: CHINA<\/p>\n","protected":false},"featured_media":2946,"comment_status":"open","ping_status":"closed","template":"","meta":[],"product_cat":[263,306,308],"product_tag":[],"_links":{"self":[{"href":"https:\/\/emetcorporation.com\/es\/wp-json\/wp\/v2\/product\/1654"}],"collection":[{"href":"https:\/\/emetcorporation.com\/es\/wp-json\/wp\/v2\/product"}],"about":[{"href":"https:\/\/emetcorporation.com\/es\/wp-json\/wp\/v2\/types\/product"}],"replies":[{"embeddable":true,"href":"https:\/\/emetcorporation.com\/es\/wp-json\/wp\/v2\/comments?post=1654"}],"wp:featuredmedia":[{"embeddable":true,"href":"https:\/\/emetcorporation.com\/es\/wp-json\/wp\/v2\/media\/2946"}],"wp:attachment":[{"href":"https:\/\/emetcorporation.com\/es\/wp-json\/wp\/v2\/media?parent=1654"}],"wp:term":[{"taxonomy":"product_cat","embeddable":true,"href":"https:\/\/emetcorporation.com\/es\/wp-json\/wp\/v2\/product_cat?post=1654"},{"taxonomy":"product_tag","embeddable":true,"href":"https:\/\/emetcorporation.com\/es\/wp-json\/wp\/v2\/product_tag?post=1654"}],"curies":[{"name":"wp","href":"https:\/\/api.w.org\/{rel}","templated":true}]}}