{"id":1658,"date":"2021-01-09T21:51:24","date_gmt":"2021-01-09T21:51:24","guid":{"rendered":"https:\/\/screen.com.ve\/clientes\/emet\/es\/producto\/or3-371\/"},"modified":"2021-02-22T16:51:34","modified_gmt":"2021-02-22T16:51:34","slug":"or3-371","status":"publish","type":"product","link":"https:\/\/emetcorporation.com\/es\/producto\/or3-371\/","title":{"rendered":"OR3-371"},"content":{"rendered":"<p>Descripci\u00f3n: JUMPERS\/NI\u00d1O<br \/>\nComposici\u00f3n: 60%ALGOD,35%POLIE,5%ELAST<br \/>\nColor: ROJO, AZUL MARINO, AZUL<br \/>\nPa\u00eds de Origen: CHINA<\/p>\n","protected":false},"excerpt":{"rendered":"<p>Descripci\u00f3n: JUMPERS\/NI\u00d1O Composici\u00f3n: 60%ALGOD,35%POLIE,5%ELAST Color: ROJO, AZUL MARINO, AZUL Pa\u00eds de Origen: CHINA<\/p>\n","protected":false},"featured_media":2968,"comment_status":"open","ping_status":"closed","template":"","meta":[],"product_cat":[16,263,293,282],"product_tag":[],"_links":{"self":[{"href":"https:\/\/emetcorporation.com\/es\/wp-json\/wp\/v2\/product\/1658"}],"collection":[{"href":"https:\/\/emetcorporation.com\/es\/wp-json\/wp\/v2\/product"}],"about":[{"href":"https:\/\/emetcorporation.com\/es\/wp-json\/wp\/v2\/types\/product"}],"replies":[{"embeddable":true,"href":"https:\/\/emetcorporation.com\/es\/wp-json\/wp\/v2\/comments?post=1658"}],"wp:featuredmedia":[{"embeddable":true,"href":"https:\/\/emetcorporation.com\/es\/wp-json\/wp\/v2\/media\/2968"}],"wp:attachment":[{"href":"https:\/\/emetcorporation.com\/es\/wp-json\/wp\/v2\/media?parent=1658"}],"wp:term":[{"taxonomy":"product_cat","embeddable":true,"href":"https:\/\/emetcorporation.com\/es\/wp-json\/wp\/v2\/product_cat?post=1658"},{"taxonomy":"product_tag","embeddable":true,"href":"https:\/\/emetcorporation.com\/es\/wp-json\/wp\/v2\/product_tag?post=1658"}],"curies":[{"name":"wp","href":"https:\/\/api.w.org\/{rel}","templated":true}]}}