{"id":5013,"date":"2021-02-19T17:56:14","date_gmt":"2021-02-19T17:56:14","guid":{"rendered":"https:\/\/emetcorporation.com\/es\/?post_type=product&#038;p=5013"},"modified":"2021-02-19T17:56:15","modified_gmt":"2021-02-19T17:56:15","slug":"3-9535","status":"publish","type":"product","link":"https:\/\/emetcorporation.com\/es\/producto\/3-9535\/","title":{"rendered":"3-9535"},"content":{"rendered":"<p>Descripci\u00f3n: SHORT P\/HOMBRE<br \/>\nCaballero S-M-L-XL<br \/>\nNi\u00f1os Juvenil 10-18<br \/>\nComposici\u00f3n: 100%POLIESTER<br \/>\nPa\u00eds de Origen: CHI<\/p>\n","protected":false},"excerpt":{"rendered":"<p>Descripci\u00f3n: SHORT P\/HOMBRE Caballero S-M-L-XL Ni\u00f1os Juvenil 10-18 Composici\u00f3n: 100%POLIESTER Pa\u00eds de Origen: CHI<\/p>\n","protected":false},"featured_media":5014,"comment_status":"open","ping_status":"closed","template":"","meta":[],"product_cat":[331,16,263,294,299,306],"product_tag":[],"_links":{"self":[{"href":"https:\/\/emetcorporation.com\/es\/wp-json\/wp\/v2\/product\/5013"}],"collection":[{"href":"https:\/\/emetcorporation.com\/es\/wp-json\/wp\/v2\/product"}],"about":[{"href":"https:\/\/emetcorporation.com\/es\/wp-json\/wp\/v2\/types\/product"}],"replies":[{"embeddable":true,"href":"https:\/\/emetcorporation.com\/es\/wp-json\/wp\/v2\/comments?post=5013"}],"wp:featuredmedia":[{"embeddable":true,"href":"https:\/\/emetcorporation.com\/es\/wp-json\/wp\/v2\/media\/5014"}],"wp:attachment":[{"href":"https:\/\/emetcorporation.com\/es\/wp-json\/wp\/v2\/media?parent=5013"}],"wp:term":[{"taxonomy":"product_cat","embeddable":true,"href":"https:\/\/emetcorporation.com\/es\/wp-json\/wp\/v2\/product_cat?post=5013"},{"taxonomy":"product_tag","embeddable":true,"href":"https:\/\/emetcorporation.com\/es\/wp-json\/wp\/v2\/product_tag?post=5013"}],"curies":[{"name":"wp","href":"https:\/\/api.w.org\/{rel}","templated":true}]}}