{"id":5269,"date":"2021-04-09T18:25:22","date_gmt":"2021-04-09T18:25:22","guid":{"rendered":"https:\/\/emetcorporation.com\/es\/?post_type=product&#038;p=5269"},"modified":"2021-04-09T19:34:23","modified_gmt":"2021-04-09T19:34:23","slug":"ejmm87443","status":"publish","type":"product","link":"https:\/\/emetcorporation.com\/es\/producto\/ejmm87443\/","title":{"rendered":"EM87443"},"content":{"rendered":"<p>Referencia: EM87443<br \/>\nDescripci\u00f3n: SHORTS CABALLERO y NI\u00d1OS<br \/>\nComposici\u00f3n: 100% POLIESTER<br \/>\nColor: SURTIDO DE DISE\u00d1O<br \/>\nCaballero: S-M-L-XL<br \/>\nNi\u00f1o Juvenil: 8-10-12-14-16-18<br \/>\nNi\u00f1os Infantil: 2-4-6-7Y<br \/>\nPa\u00eds de Origen: CHINA<\/p>\n","protected":false},"excerpt":{"rendered":"<p>Referencia: EM87443 Descripci\u00f3n: SHORTS CABALLERO y NI\u00d1OS Composici\u00f3n: 100% POLIESTER Color: SURTIDO DE DISE\u00d1O Caballero: S-M-L-XL Ni\u00f1o Juvenil: 8-10-12-14-16-18 Ni\u00f1os Infantil: 2-4-6-7Y Pa\u00eds de Origen: CHINA<\/p>\n","protected":false},"featured_media":5270,"comment_status":"open","ping_status":"closed","template":"","meta":[],"product_cat":[337,16,263,294,305,306],"product_tag":[],"_links":{"self":[{"href":"https:\/\/emetcorporation.com\/es\/wp-json\/wp\/v2\/product\/5269"}],"collection":[{"href":"https:\/\/emetcorporation.com\/es\/wp-json\/wp\/v2\/product"}],"about":[{"href":"https:\/\/emetcorporation.com\/es\/wp-json\/wp\/v2\/types\/product"}],"replies":[{"embeddable":true,"href":"https:\/\/emetcorporation.com\/es\/wp-json\/wp\/v2\/comments?post=5269"}],"wp:featuredmedia":[{"embeddable":true,"href":"https:\/\/emetcorporation.com\/es\/wp-json\/wp\/v2\/media\/5270"}],"wp:attachment":[{"href":"https:\/\/emetcorporation.com\/es\/wp-json\/wp\/v2\/media?parent=5269"}],"wp:term":[{"taxonomy":"product_cat","embeddable":true,"href":"https:\/\/emetcorporation.com\/es\/wp-json\/wp\/v2\/product_cat?post=5269"},{"taxonomy":"product_tag","embeddable":true,"href":"https:\/\/emetcorporation.com\/es\/wp-json\/wp\/v2\/product_tag?post=5269"}],"curies":[{"name":"wp","href":"https:\/\/api.w.org\/{rel}","templated":true}]}}