{"id":5271,"date":"2021-04-09T18:36:18","date_gmt":"2021-04-09T18:36:18","guid":{"rendered":"https:\/\/emetcorporation.com\/es\/?post_type=product&#038;p=5271"},"modified":"2021-06-10T17:05:01","modified_gmt":"2021-06-10T17:05:01","slug":"ejmm69699","status":"publish","type":"product","link":"https:\/\/emetcorporation.com\/es\/producto\/ejmm69699\/","title":{"rendered":"E285N"},"content":{"rendered":"<p>Referencia: E285N<br \/>\nDescripci\u00f3n: PANTALON CABALLERO Y NI\u00d1OS<br \/>\nComposici\u00f3n: 97% ALGONDON, 3% SPANDEX<br \/>\nColor: AZUL<br \/>\nCaballero: 28-30-32-34<br \/>\nNi\u00f1os Juvenil: 10-12-14-16\u201318<br \/>\nNi\u00f1os Infantil:2-4-6-8<br \/>\nPa\u00eds de Origen: CHINA<\/p>\n","protected":false},"excerpt":{"rendered":"<p>Referencia: E285N Descripci\u00f3n: PANTALON CABALLERO Y NI\u00d1OS Composici\u00f3n: 97% ALGONDON, 3% SPANDEX Color: AZUL Caballero: 28-30-32-34 Ni\u00f1os Juvenil: 10-12-14-16\u201318 Ni\u00f1os Infantil:2-4-6-8 Pa\u00eds de Origen: CHINA<\/p>\n","protected":false},"featured_media":5272,"comment_status":"open","ping_status":"closed","template":"","meta":[],"product_cat":[334,16,263,306],"product_tag":[],"_links":{"self":[{"href":"https:\/\/emetcorporation.com\/es\/wp-json\/wp\/v2\/product\/5271"}],"collection":[{"href":"https:\/\/emetcorporation.com\/es\/wp-json\/wp\/v2\/product"}],"about":[{"href":"https:\/\/emetcorporation.com\/es\/wp-json\/wp\/v2\/types\/product"}],"replies":[{"embeddable":true,"href":"https:\/\/emetcorporation.com\/es\/wp-json\/wp\/v2\/comments?post=5271"}],"wp:featuredmedia":[{"embeddable":true,"href":"https:\/\/emetcorporation.com\/es\/wp-json\/wp\/v2\/media\/5272"}],"wp:attachment":[{"href":"https:\/\/emetcorporation.com\/es\/wp-json\/wp\/v2\/media?parent=5271"}],"wp:term":[{"taxonomy":"product_cat","embeddable":true,"href":"https:\/\/emetcorporation.com\/es\/wp-json\/wp\/v2\/product_cat?post=5271"},{"taxonomy":"product_tag","embeddable":true,"href":"https:\/\/emetcorporation.com\/es\/wp-json\/wp\/v2\/product_tag?post=5271"}],"curies":[{"name":"wp","href":"https:\/\/api.w.org\/{rel}","templated":true}]}}