{"id":5276,"date":"2021-04-09T18:54:53","date_gmt":"2021-04-09T18:54:53","guid":{"rendered":"https:\/\/emetcorporation.com\/es\/?post_type=product&#038;p=5276"},"modified":"2021-06-10T17:20:43","modified_gmt":"2021-06-10T17:20:43","slug":"e730n","status":"publish","type":"product","link":"https:\/\/emetcorporation.com\/es\/producto\/e730n\/","title":{"rendered":"E730N"},"content":{"rendered":"<p>Referencia: E730N<br \/>\nDescripci\u00f3n: T-shit Escolar turquesa\u00a0 Ni\u00f1os y Ni\u00f1as<br \/>\nComposici\u00f3n: 100% Poli\u00e9ster<br \/>\nColor: Turquesa<br \/>\nTallas:\u00a0 2-4-6-8<br \/>\nPa\u00eds de Origen: CHINA<\/p>\n","protected":false},"excerpt":{"rendered":"<p>Referencia: E730N Descripci\u00f3n: T-shit Escolar turquesa\u00a0 Ni\u00f1os y Ni\u00f1as Composici\u00f3n: 100% Poli\u00e9ster Color: Turquesa Tallas:\u00a0 2-4-6-8 Pa\u00eds de Origen: CHINA<\/p>\n","protected":false},"featured_media":5425,"comment_status":"open","ping_status":"closed","template":"","meta":[],"product_cat":[16,263,280,291,306,307],"product_tag":[],"_links":{"self":[{"href":"https:\/\/emetcorporation.com\/es\/wp-json\/wp\/v2\/product\/5276"}],"collection":[{"href":"https:\/\/emetcorporation.com\/es\/wp-json\/wp\/v2\/product"}],"about":[{"href":"https:\/\/emetcorporation.com\/es\/wp-json\/wp\/v2\/types\/product"}],"replies":[{"embeddable":true,"href":"https:\/\/emetcorporation.com\/es\/wp-json\/wp\/v2\/comments?post=5276"}],"wp:featuredmedia":[{"embeddable":true,"href":"https:\/\/emetcorporation.com\/es\/wp-json\/wp\/v2\/media\/5425"}],"wp:attachment":[{"href":"https:\/\/emetcorporation.com\/es\/wp-json\/wp\/v2\/media?parent=5276"}],"wp:term":[{"taxonomy":"product_cat","embeddable":true,"href":"https:\/\/emetcorporation.com\/es\/wp-json\/wp\/v2\/product_cat?post=5276"},{"taxonomy":"product_tag","embeddable":true,"href":"https:\/\/emetcorporation.com\/es\/wp-json\/wp\/v2\/product_tag?post=5276"}],"curies":[{"name":"wp","href":"https:\/\/api.w.org\/{rel}","templated":true}]}}